{"id":1183,"date":"2020-04-15T15:06:48","date_gmt":"2020-04-15T15:06:48","guid":{"rendered":"https:\/\/www.gsoffenhausen.schule.neu-ulm.de\/?page_id=1183"},"modified":"2021-01-16T08:42:54","modified_gmt":"2021-01-16T08:42:54","slug":"mathematik-1-klasse","status":"publish","type":"page","link":"https:\/\/gsoffenhausen.schule.neu-ulm.de\/?page_id=1183","title":{"rendered":"Mathematik 1. Klasse"},"content":{"rendered":"\n<p>Hier finden Sie Erkl\u00e4rvideos zum Thema Mathematik, die von Lehrern und Sch\u00fclern der Grundschule Offenhausen erstellt wurden. Diese Videos beinhalten Lehrplanthemen der 1. Klasse. W\u00e4hlen Sie bitte im Men\u00fc einen Unterpunkt: Arithmetik (Rechnen und Zahlvorstelltung), Geometrie oder Gr\u00f6\u00dfen und Sachsituationen.<\/p>\n","protected":false},"excerpt":{"rendered":"<p>Hier finden Sie Erkl\u00e4rvideos zum Thema Mathematik, die von Lehrern und Sch\u00fclern der Grundschule Offenhausen erstellt wurden. Diese Videos beinhalten&hellip;<\/p>\n","protected":false},"author":1,"featured_media":0,"parent":0,"menu_order":0,"comment_status":"closed","ping_status":"closed","template":"","meta":{"footnotes":""},"class_list":["post-1183","page","type-page","status-publish","hentry"],"_links":{"self":[{"href":"https:\/\/gsoffenhausen.schule.neu-ulm.de\/index.php?rest_route=\/wp\/v2\/pages\/1183","targetHints":{"allow":["GET"]}}],"collection":[{"href":"https:\/\/gsoffenhausen.schule.neu-ulm.de\/index.php?rest_route=\/wp\/v2\/pages"}],"about":[{"href":"https:\/\/gsoffenhausen.schule.neu-ulm.de\/index.php?rest_route=\/wp\/v2\/types\/page"}],"author":[{"embeddable":true,"href":"https:\/\/gsoffenhausen.schule.neu-ulm.de\/index.php?rest_route=\/wp\/v2\/users\/1"}],"replies":[{"embeddable":true,"href":"https:\/\/gsoffenhausen.schule.neu-ulm.de\/index.php?rest_route=%2Fwp%2Fv2%2Fcomments&post=1183"}],"version-history":[{"count":4,"href":"https:\/\/gsoffenhausen.schule.neu-ulm.de\/index.php?rest_route=\/wp\/v2\/pages\/1183\/revisions"}],"predecessor-version":[{"id":3341,"href":"https:\/\/gsoffenhausen.schule.neu-ulm.de\/index.php?rest_route=\/wp\/v2\/pages\/1183\/revisions\/3341"}],"wp:attachment":[{"href":"https:\/\/gsoffenhausen.schule.neu-ulm.de\/index.php?rest_route=%2Fwp%2Fv2%2Fmedia&parent=1183"}],"curies":[{"name":"wp","href":"https:\/\/api.w.org\/{rel}","templated":true}]}}