{"id":1343,"date":"2020-04-20T16:27:14","date_gmt":"2020-04-20T16:27:14","guid":{"rendered":"https:\/\/www.gsoffenhausen.schule.neu-ulm.de\/?page_id=1343"},"modified":"2020-04-20T16:29:19","modified_gmt":"2020-04-20T16:29:19","slug":"mathe-deutschklasse","status":"publish","type":"page","link":"https:\/\/gsoffenhausen.schule.neu-ulm.de\/?page_id=1343","title":{"rendered":"Mathe Deutschklasse"},"content":{"rendered":"\n<p>Hier finden Sie Erkl\u00e4rvideos zum Thema Mathematik, die von Lehrern und Sch\u00fclern der Grundschule Offenhausen erstellt wurden. Diese Videos sind besonders f\u00fcr Kinder geeignet, die auch die Sprache Deutsch lernen. <\/p>\n\n\n<div class=\"epyt-gallery\" data-currpage=\"1\" id=\"epyt_gallery_11425\"><div  id=\"_ytid_60789\" class=\"__youtube_prefs__  __youtube_prefs_gdpr__ \" allowfullscreen data-no-lazy=\"1\" data-skipgform_ajax_framebjll=\"\"><p><strong>Please accept YouTube cookies to play this video.<\/strong> By accepting you will be accessing content from YouTube, a service provided by an external third party.<\/p>\n<p><a href=\"https:\/\/policies.google.com\/privacy\" target=\"_blank\" rel=\"noopener\">YouTube privacy policy<\/a><\/p>\n<p>If you accept this notice, your choice will be saved and the page will refresh.<\/p>\n<button type=\"button\" class=\"__youtube_prefs_gdpr__\">Accept YouTube Content<img decoding=\"async\" src=\"https:\/\/gsoffenhausen.schule.neu-ulm.de\/wp-content\/plugins\/youtube-embed-plus\/images\/icon-check.png\" alt=\"accept\" data-no-lazy=\"1\" data-skipgform_ajax_framebjll=\"\" \/><\/button><\/div><div class=\"epyt-gallery-list\"><div class=\"epyt-pagination \"><div tabindex=\"0\" role=\"button\" class=\"epyt-pagebutton epyt-prev  hide \" data-playlistid=\"PLni--JnLBbE42y2oPBfH0w28Kg3uU_RRb\" data-pagesize=\"15\" data-pagetoken=\"\" data-epcolumns=\"3\" data-showtitle=\"1\" data-showpaging=\"1\" data-autonext=\"0\" data-thumbplay=\"1\"><div class=\"epyt-arrow\">&laquo;<\/div> <div>Prev<\/div><\/div><div class=\"epyt-pagenumbers hide\"><div class=\"epyt-current\">1<\/div><div class=\"epyt-pageseparator\"> \/ <\/div><div class=\"epyt-totalpages\">1<\/div><\/div><div tabindex=\"0\" role=\"button\" class=\"epyt-pagebutton epyt-next hide \" data-playlistid=\"PLni--JnLBbE42y2oPBfH0w28Kg3uU_RRb\" data-pagesize=\"15\" data-pagetoken=\"\" data-epcolumns=\"3\" data-showtitle=\"1\" data-showpaging=\"1\" data-autonext=\"0\" data-thumbplay=\"1\"><div>Next<\/div> <div class=\"epyt-arrow\">&raquo;<\/div><\/div><div class=\"epyt-loader\"><img loading=\"lazy\" decoding=\"async\" alt=\"loading\" width=\"16\" height=\"11\" src=\"https:\/\/gsoffenhausen.schule.neu-ulm.de\/wp-content\/plugins\/youtube-embed-plus\/images\/gallery-page-loader.gif\"><\/div><\/div><div class=\"epyt-gallery-allthumbs  epyt-cols-3 \"><div tabindex=\"0\" role=\"button\" data-videoid=\"m71Xl5bfzQ0\" class=\"epyt-gallery-thumb\"><div class=\"epyt-gallery-img-box\"><div class=\"epyt-gallery-img epyt-gallery-img-gdpr\"><div class=\"epyt-gallery-playhover\"><img loading=\"lazy\" decoding=\"async\" alt=\"play\" class=\"epyt-play-img\" width=\"30\" height=\"23\" src=\"https:\/\/gsoffenhausen.schule.neu-ulm.de\/wp-content\/plugins\/youtube-embed-plus\/images\/playhover.png\" data-no-lazy=\"1\" data-skipgform_ajax_framebjll=\"\" \/><div class=\"epyt-gallery-playcrutch\"><\/div><\/div><\/div><\/div><div class=\"epyt-gallery-title\">Geometrische K\u00f6rper<\/div><\/div><div tabindex=\"0\" role=\"button\" data-videoid=\"VC5oAIGvKcY\" class=\"epyt-gallery-thumb\"><div class=\"epyt-gallery-img-box\"><div class=\"epyt-gallery-img epyt-gallery-img-gdpr\"><div class=\"epyt-gallery-playhover\"><img loading=\"lazy\" decoding=\"async\" alt=\"play\" class=\"epyt-play-img\" width=\"30\" height=\"23\" src=\"https:\/\/gsoffenhausen.schule.neu-ulm.de\/wp-content\/plugins\/youtube-embed-plus\/images\/playhover.png\" data-no-lazy=\"1\" data-skipgform_ajax_framebjll=\"\" \/><div class=\"epyt-gallery-playcrutch\"><\/div><\/div><\/div><\/div><div class=\"epyt-gallery-title\">K\u00f6rpernetze<\/div><\/div><div tabindex=\"0\" role=\"button\" data-videoid=\"-xZ1VhC7zFI\" class=\"epyt-gallery-thumb\"><div class=\"epyt-gallery-img-box\"><div class=\"epyt-gallery-img epyt-gallery-img-gdpr\"><div class=\"epyt-gallery-playhover\"><img loading=\"lazy\" decoding=\"async\" alt=\"play\" class=\"epyt-play-img\" width=\"30\" height=\"23\" src=\"https:\/\/gsoffenhausen.schule.neu-ulm.de\/wp-content\/plugins\/youtube-embed-plus\/images\/playhover.png\" data-no-lazy=\"1\" data-skipgform_ajax_framebjll=\"\" \/><div class=\"epyt-gallery-playcrutch\"><\/div><\/div><\/div><\/div><div class=\"epyt-gallery-title\">W\u00fcrfelnetze<\/div><\/div><div class=\"epyt-gallery-rowbreak\"><\/div><div tabindex=\"0\" role=\"button\" data-videoid=\"Lz__PYNjHaw\" class=\"epyt-gallery-thumb\"><div class=\"epyt-gallery-img-box\"><div class=\"epyt-gallery-img epyt-gallery-img-gdpr\"><div class=\"epyt-gallery-playhover\"><img loading=\"lazy\" decoding=\"async\" alt=\"play\" class=\"epyt-play-img\" width=\"30\" height=\"23\" src=\"https:\/\/gsoffenhausen.schule.neu-ulm.de\/wp-content\/plugins\/youtube-embed-plus\/images\/playhover.png\" data-no-lazy=\"1\" data-skipgform_ajax_framebjll=\"\" \/><div class=\"epyt-gallery-playcrutch\"><\/div><\/div><\/div><\/div><div class=\"epyt-gallery-title\">W\u00fcrfel kippen<\/div><\/div><div tabindex=\"0\" role=\"button\" data-videoid=\"yHHI41aVX1Y\" class=\"epyt-gallery-thumb\"><div class=\"epyt-gallery-img-box\"><div class=\"epyt-gallery-img epyt-gallery-img-gdpr\"><div class=\"epyt-gallery-playhover\"><img loading=\"lazy\" decoding=\"async\" alt=\"play\" class=\"epyt-play-img\" width=\"30\" height=\"23\" src=\"https:\/\/gsoffenhausen.schule.neu-ulm.de\/wp-content\/plugins\/youtube-embed-plus\/images\/playhover.png\" data-no-lazy=\"1\" data-skipgform_ajax_framebjll=\"\" \/><div class=\"epyt-gallery-playcrutch\"><\/div><\/div><\/div><\/div><div class=\"epyt-gallery-title\">W\u00fcrfelgeb\u00e4ude<\/div><\/div><div tabindex=\"0\" role=\"button\" data-videoid=\"GB0K7oqbBq8\" class=\"epyt-gallery-thumb\"><div class=\"epyt-gallery-img-box\"><div class=\"epyt-gallery-img epyt-gallery-img-gdpr\"><div class=\"epyt-gallery-playhover\"><img loading=\"lazy\" decoding=\"async\" alt=\"play\" class=\"epyt-play-img\" width=\"30\" height=\"23\" src=\"https:\/\/gsoffenhausen.schule.neu-ulm.de\/wp-content\/plugins\/youtube-embed-plus\/images\/playhover.png\" data-no-lazy=\"1\" data-skipgform_ajax_framebjll=\"\" \/><div class=\"epyt-gallery-playcrutch\"><\/div><\/div><\/div><\/div><div class=\"epyt-gallery-title\">Multiplizieren mit Zehnerzahlen<\/div><\/div><div class=\"epyt-gallery-rowbreak\"><\/div><div tabindex=\"0\" role=\"button\" data-videoid=\"GWKwBuFwSyQ\" class=\"epyt-gallery-thumb\"><div class=\"epyt-gallery-img-box\"><div class=\"epyt-gallery-img epyt-gallery-img-gdpr\"><div class=\"epyt-gallery-playhover\"><img loading=\"lazy\" decoding=\"async\" alt=\"play\" class=\"epyt-play-img\" width=\"30\" height=\"23\" src=\"https:\/\/gsoffenhausen.schule.neu-ulm.de\/wp-content\/plugins\/youtube-embed-plus\/images\/playhover.png\" data-no-lazy=\"1\" data-skipgform_ajax_framebjll=\"\" \/><div class=\"epyt-gallery-playcrutch\"><\/div><\/div><\/div><\/div><div class=\"epyt-gallery-title\">Dividieren<\/div><\/div><div tabindex=\"0\" role=\"button\" data-videoid=\"ocEh22WN9xg\" class=\"epyt-gallery-thumb\"><div class=\"epyt-gallery-img-box\"><div class=\"epyt-gallery-img epyt-gallery-img-gdpr\"><div class=\"epyt-gallery-playhover\"><img loading=\"lazy\" decoding=\"async\" alt=\"play\" class=\"epyt-play-img\" width=\"30\" height=\"23\" src=\"https:\/\/gsoffenhausen.schule.neu-ulm.de\/wp-content\/plugins\/youtube-embed-plus\/images\/playhover.png\" data-no-lazy=\"1\" data-skipgform_ajax_framebjll=\"\" \/><div class=\"epyt-gallery-playcrutch\"><\/div><\/div><\/div><\/div><div class=\"epyt-gallery-title\">Das halbschriftliche Multiplizieren<\/div><\/div><div tabindex=\"0\" role=\"button\" data-videoid=\"ocEh22WN9xg\" class=\"epyt-gallery-thumb\"><div class=\"epyt-gallery-img-box\"><div class=\"epyt-gallery-img epyt-gallery-img-gdpr\"><div class=\"epyt-gallery-playhover\"><img loading=\"lazy\" decoding=\"async\" alt=\"play\" class=\"epyt-play-img\" width=\"30\" height=\"23\" src=\"https:\/\/gsoffenhausen.schule.neu-ulm.de\/wp-content\/plugins\/youtube-embed-plus\/images\/playhover.png\" data-no-lazy=\"1\" data-skipgform_ajax_framebjll=\"\" \/><div class=\"epyt-gallery-playcrutch\"><\/div><\/div><\/div><\/div><div class=\"epyt-gallery-title\">Das halbschriftliche Multiplizieren<\/div><\/div><div class=\"epyt-gallery-rowbreak\"><\/div><div class=\"epyt-gallery-clear\"><\/div><\/div><div class=\"epyt-pagination \"><div tabindex=\"0\" role=\"button\" class=\"epyt-pagebutton epyt-prev  hide \" data-playlistid=\"PLni--JnLBbE42y2oPBfH0w28Kg3uU_RRb\" data-pagesize=\"15\" data-pagetoken=\"\" data-epcolumns=\"3\" data-showtitle=\"1\" data-showpaging=\"1\" data-autonext=\"0\" data-thumbplay=\"1\"><div class=\"epyt-arrow\">&laquo;<\/div> <div>Prev<\/div><\/div><div class=\"epyt-pagenumbers hide\"><div class=\"epyt-current\">1<\/div><div class=\"epyt-pageseparator\"> \/ <\/div><div class=\"epyt-totalpages\">1<\/div><\/div><div tabindex=\"0\" role=\"button\" class=\"epyt-pagebutton epyt-next hide \" data-playlistid=\"PLni--JnLBbE42y2oPBfH0w28Kg3uU_RRb\" data-pagesize=\"15\" data-pagetoken=\"\" data-epcolumns=\"3\" data-showtitle=\"1\" data-showpaging=\"1\" data-autonext=\"0\" data-thumbplay=\"1\"><div>Next<\/div> <div class=\"epyt-arrow\">&raquo;<\/div><\/div><div class=\"epyt-loader\"><img loading=\"lazy\" decoding=\"async\" alt=\"loading\" width=\"16\" height=\"11\" src=\"https:\/\/gsoffenhausen.schule.neu-ulm.de\/wp-content\/plugins\/youtube-embed-plus\/images\/gallery-page-loader.gif\"><\/div><\/div><\/div><\/div>","protected":false},"excerpt":{"rendered":"<p>Hier finden Sie Erkl\u00e4rvideos zum Thema Mathematik, die von Lehrern und Sch\u00fclern der Grundschule Offenhausen erstellt wurden. Diese Videos sind&hellip;<\/p>\n","protected":false},"author":1,"featured_media":0,"parent":0,"menu_order":0,"comment_status":"closed","ping_status":"closed","template":"","meta":{"footnotes":""},"class_list":["post-1343","page","type-page","status-publish","hentry"],"_links":{"self":[{"href":"https:\/\/gsoffenhausen.schule.neu-ulm.de\/index.php?rest_route=\/wp\/v2\/pages\/1343","targetHints":{"allow":["GET"]}}],"collection":[{"href":"https:\/\/gsoffenhausen.schule.neu-ulm.de\/index.php?rest_route=\/wp\/v2\/pages"}],"about":[{"href":"https:\/\/gsoffenhausen.schule.neu-ulm.de\/index.php?rest_route=\/wp\/v2\/types\/page"}],"author":[{"embeddable":true,"href":"https:\/\/gsoffenhausen.schule.neu-ulm.de\/index.php?rest_route=\/wp\/v2\/users\/1"}],"replies":[{"embeddable":true,"href":"https:\/\/gsoffenhausen.schule.neu-ulm.de\/index.php?rest_route=%2Fwp%2Fv2%2Fcomments&post=1343"}],"version-history":[{"count":2,"href":"https:\/\/gsoffenhausen.schule.neu-ulm.de\/index.php?rest_route=\/wp\/v2\/pages\/1343\/revisions"}],"predecessor-version":[{"id":1347,"href":"https:\/\/gsoffenhausen.schule.neu-ulm.de\/index.php?rest_route=\/wp\/v2\/pages\/1343\/revisions\/1347"}],"wp:attachment":[{"href":"https:\/\/gsoffenhausen.schule.neu-ulm.de\/index.php?rest_route=%2Fwp%2Fv2%2Fmedia&parent=1343"}],"curies":[{"name":"wp","href":"https:\/\/api.w.org\/{rel}","templated":true}]}}