{"id":264,"date":"2019-12-10T09:56:32","date_gmt":"2019-12-10T09:56:32","guid":{"rendered":"https:\/\/www.gsoffenhausen.schule.neu-ulm.de\/?page_id=264"},"modified":"2025-09-10T11:05:59","modified_gmt":"2025-09-10T11:05:59","slug":"ferienuebersicht","status":"publish","type":"page","link":"https:\/\/gsoffenhausen.schule.neu-ulm.de\/?page_id=264","title":{"rendered":"Ferien\u00fcbersicht 2025\/26"},"content":{"rendered":"\n<p><\/p>\n\n\n\n<h4 class=\"wp-block-heading\">Unterrichtsfreie Zeiten im Schuljahr 2025\/26<\/h4>\n\n\n\n<ul class=\"wp-block-list\">\n<li><strong>03.10.2025<\/strong> Tag der deutschen Einheit (Feiertag)<\/li>\n\n\n\n<li><strong>03.11.2025 &#8211; 07.11.2025 <\/strong>Herbstferien<\/li>\n\n\n\n<li><strong>19.11.2025 <\/strong>Bu\u00df- und Bettag (Feiertag)<\/li>\n\n\n\n<li><strong>22.12.2025 &#8211; 06.01.2026 <\/strong>Weihnachtsferien<\/li>\n\n\n\n<li><strong>16.02.2026 &#8211; 20.02.2026 <\/strong>Winterferien<\/li>\n\n\n\n<li><strong>30.03.2026 &#8211; 10.04.2026 <\/strong>Osterferien<\/li>\n\n\n\n<li><strong>01.05.2026 <\/strong>Tag der Arbeit (Feiertag)<\/li>\n\n\n\n<li><strong>14.05.2026 <\/strong>Christi Himmelfahrt (Feiertag)<\/li>\n\n\n\n<li><strong>26.05.2026 &#8211; 05.06.2026 <\/strong>Pfingstferien<\/li>\n\n\n\n<li><strong>01.08.2026 &#8211; 14.09.2026 <\/strong>Sommerferien<\/li>\n<\/ul>\n\n\n\n<h4 class=\"wp-block-heading\">J\u00fcdische, Muslimische und Orthodoxe Feiertage <\/h4>\n\n\n\n<p>An diesen Feiertagen k\u00f6nnen Kinder der entsprechenden Konfession vom Unterricht fern bleiben. Eine Entschuldigung im Sekretariat muss dennoch stattfinden, da nicht alle Kinder automatisch zuhause bleiben. <\/p>\n\n\n\n<ul class=\"wp-block-list\">\n<li><strong>23.09.2025, 24.09.2025<\/strong> j\u00fcdisches Neujahr (nur f\u00fcr j\u00fcdische Kinder)<\/li>\n\n\n\n<li><strong>12.02.10.2025<\/strong> Vers\u00f6hnungstag nur f\u00fcr j\u00fcdische Kinder)<\/li>\n\n\n\n<li><strong>07.10.2025, 08.10.2025, 14.10.2025, 15.10.2025<\/strong> Laubh\u00fcttenfest (nur f\u00fcr j\u00fcdische Kinder)<\/li>\n\n\n\n<li><strong>07.01.2026<\/strong> orthodoxer Weihnachtsfeiertag (nur f\u00fcr orthodoxe Kinder)<\/li>\n\n\n\n<li><strong>20.03.2026, 21.03.2026<\/strong> Zuckerfest (nur f\u00fcr muslimische Kinder)<\/li>\n\n\n\n<li><strong>02.04.2026, 03.04.2026, 08.04.2026, 09.04.2026 <\/strong>Pessach (nur f\u00fcr j\u00fcdische Kinder)<\/li>\n\n\n\n<li><strong>13.04.2026 <\/strong>orthodoxes Ostern (nur f\u00fcr orthodoxe Kinder)<\/li>\n\n\n\n<li><strong>22.05.2026, 23.05.2026<\/strong> Wochenfest (nur f\u00fcr j\u00fcdische Kinder)<\/li>\n\n\n\n<li><strong>21.05.2026 <\/strong>orthodoxes Christi Himmelfahrt (nur f\u00fcr orthodoxe Kinder)<\/li>\n\n\n\n<li><strong>01.06.2026 <\/strong>orthodoxes Pfingsten (nur f\u00fcr orthodoxe Kinder)<\/li>\n\n\n\n<li><strong>27.05.2026, 28.05.2026<\/strong> Opferfest (nur f\u00fcr muslimische Kinder)<\/li>\n<\/ul>\n\n\n\n<p><\/p>\n","protected":false},"excerpt":{"rendered":"<p>Unterrichtsfreie Zeiten im Schuljahr 2025\/26 J\u00fcdische, Muslimische und Orthodoxe Feiertage An diesen Feiertagen k\u00f6nnen Kinder der entsprechenden Konfession vom Unterricht&hellip;<\/p>\n","protected":false},"author":2,"featured_media":0,"parent":0,"menu_order":0,"comment_status":"closed","ping_status":"closed","template":"","meta":{"footnotes":""},"class_list":["post-264","page","type-page","status-publish","hentry"],"_links":{"self":[{"href":"https:\/\/gsoffenhausen.schule.neu-ulm.de\/index.php?rest_route=\/wp\/v2\/pages\/264","targetHints":{"allow":["GET"]}}],"collection":[{"href":"https:\/\/gsoffenhausen.schule.neu-ulm.de\/index.php?rest_route=\/wp\/v2\/pages"}],"about":[{"href":"https:\/\/gsoffenhausen.schule.neu-ulm.de\/index.php?rest_route=\/wp\/v2\/types\/page"}],"author":[{"embeddable":true,"href":"https:\/\/gsoffenhausen.schule.neu-ulm.de\/index.php?rest_route=\/wp\/v2\/users\/2"}],"replies":[{"embeddable":true,"href":"https:\/\/gsoffenhausen.schule.neu-ulm.de\/index.php?rest_route=%2Fwp%2Fv2%2Fcomments&post=264"}],"version-history":[{"count":19,"href":"https:\/\/gsoffenhausen.schule.neu-ulm.de\/index.php?rest_route=\/wp\/v2\/pages\/264\/revisions"}],"predecessor-version":[{"id":6331,"href":"https:\/\/gsoffenhausen.schule.neu-ulm.de\/index.php?rest_route=\/wp\/v2\/pages\/264\/revisions\/6331"}],"wp:attachment":[{"href":"https:\/\/gsoffenhausen.schule.neu-ulm.de\/index.php?rest_route=%2Fwp%2Fv2%2Fmedia&parent=264"}],"curies":[{"name":"wp","href":"https:\/\/api.w.org\/{rel}","templated":true}]}}