{"id":273,"date":"2019-12-10T10:00:33","date_gmt":"2019-12-10T10:00:33","guid":{"rendered":"https:\/\/www.gsoffenhausen.schule.neu-ulm.de\/?page_id=273"},"modified":"2026-02-27T07:56:10","modified_gmt":"2026-02-27T07:56:10","slug":"msd","status":"publish","type":"page","link":"https:\/\/gsoffenhausen.schule.neu-ulm.de\/?page_id=273","title":{"rendered":"MSD"},"content":{"rendered":"\n<h4 class=\"wp-block-heading\">Mobiler sonderp\u00e4dagogischer Dienst<\/h4>\n\n\n\n<p>Frau Bieniasz\u00a0vom Sonderp\u00e4dagogischen F\u00f6rderzentrum in der Stadt Neu-Ulm unterst\u00fctzt Sch\u00fclerinnen und Sch\u00fcler, deren Eltern und Lehrkr\u00e4fte. Sie ber\u00e4t \u00fcber M\u00f6glichkeiten der individuellen F\u00f6rderung von Kindern mit Problemen beim Lernen, in der Sprache oder im Verhalten. Beratungen erfolgen unabh\u00e4ngig, unb\u00fcrokratisch, kostenfrei und vertraulich. Die Kontaktaufnahme kann \u00fcber die Klassenlehrkraft oder telefonisch \u00fcber das Sekretariat der Grundschule erfolgen.<\/p>\n","protected":false},"excerpt":{"rendered":"<p>Mobiler sonderp\u00e4dagogischer Dienst Frau Bieniasz\u00a0vom Sonderp\u00e4dagogischen F\u00f6rderzentrum in der Stadt Neu-Ulm unterst\u00fctzt Sch\u00fclerinnen und Sch\u00fcler, deren Eltern und Lehrkr\u00e4fte. Sie&hellip;<\/p>\n","protected":false},"author":2,"featured_media":0,"parent":0,"menu_order":0,"comment_status":"closed","ping_status":"closed","template":"","meta":{"footnotes":""},"class_list":["post-273","page","type-page","status-publish","hentry"],"_links":{"self":[{"href":"https:\/\/gsoffenhausen.schule.neu-ulm.de\/index.php?rest_route=\/wp\/v2\/pages\/273","targetHints":{"allow":["GET"]}}],"collection":[{"href":"https:\/\/gsoffenhausen.schule.neu-ulm.de\/index.php?rest_route=\/wp\/v2\/pages"}],"about":[{"href":"https:\/\/gsoffenhausen.schule.neu-ulm.de\/index.php?rest_route=\/wp\/v2\/types\/page"}],"author":[{"embeddable":true,"href":"https:\/\/gsoffenhausen.schule.neu-ulm.de\/index.php?rest_route=\/wp\/v2\/users\/2"}],"replies":[{"embeddable":true,"href":"https:\/\/gsoffenhausen.schule.neu-ulm.de\/index.php?rest_route=%2Fwp%2Fv2%2Fcomments&post=273"}],"version-history":[{"count":5,"href":"https:\/\/gsoffenhausen.schule.neu-ulm.de\/index.php?rest_route=\/wp\/v2\/pages\/273\/revisions"}],"predecessor-version":[{"id":6544,"href":"https:\/\/gsoffenhausen.schule.neu-ulm.de\/index.php?rest_route=\/wp\/v2\/pages\/273\/revisions\/6544"}],"wp:attachment":[{"href":"https:\/\/gsoffenhausen.schule.neu-ulm.de\/index.php?rest_route=%2Fwp%2Fv2%2Fmedia&parent=273"}],"curies":[{"name":"wp","href":"https:\/\/api.w.org\/{rel}","templated":true}]}}