{"id":279,"date":"2019-12-10T10:02:17","date_gmt":"2019-12-10T10:02:17","guid":{"rendered":"https:\/\/www.gsoffenhausen.schule.neu-ulm.de\/?page_id=279"},"modified":"2025-09-26T10:31:34","modified_gmt":"2025-09-26T10:31:34","slug":"beratungslehrer","status":"publish","type":"page","link":"https:\/\/gsoffenhausen.schule.neu-ulm.de\/?page_id=279","title":{"rendered":"Schulberatung"},"content":{"rendered":"\n<figure class=\"wp-block-image size-full\"><img loading=\"lazy\" decoding=\"async\" width=\"274\" height=\"90\" src=\"https:\/\/gsoffenhausen.schule.neu-ulm.de\/wp-content\/uploads\/2024\/09\/Logo-Beratung.jpg\" alt=\"\" class=\"wp-image-5848\"\/><\/figure>\n\n\n\n<h4 class=\"wp-block-heading\">Beratungslehrer, der f\u00fcr unsere Schule zust\u00e4ndig ist:<\/h4>\n\n\n\n<p>Kieser, Thomas<br>Peter-Sch\u00f6llhorn-MS NU-Mitte<br>Tel: 0731\/9706315 (Telefonsprechzeit: Freitag: 11:15 \u2013 12:00 Uhr)<br>Fax : 0731\/9706113<br>beratungslehrkraft.kieser@schulberatung-nu.de<br><\/p>\n\n\n\n<p class=\"has-quaternary-color has-text-color has-link-color has-medium-font-size wp-elements-e4e69fcb351c122bba95488d028341bf\"><\/p>\n\n\n\n<h4 class=\"wp-block-heading\">Schulpsychologin, die f\u00fcr unsere Schule zust\u00e4ndig ist:<\/h4>\n\n\n\n<p>Claudia Wittig<br>Tel.: 0731\/9706332 (Telefonsprechzeit: Dienstag, 10.00-11.00 Uhr\/AB &#8211; nach Vereinbarung)<\/p>\n\n\n\n<p>Peter-Sch\u00f6llhorn-Mittelschule, Gabelsbergerstr. 2, 89231 Neu-Ulm, EG 36<br>E-Mail: schulpsychologie.wittig@schulberatung-nu.de<\/p>\n\n\n\n<h4 class=\"wp-block-heading\"><strong>Ansprechpartner: <\/strong><\/h4>\n\n\n\n<p>\u2022bei Fragen zur Schullaufbahn <br>\u2022bei Lern- und Leistungsschwierigkeiten <br>\u2022bei Verhaltensproblemen <br>\u2022bei schulischen Krisensituationen <br>\u2022bei besonderen Begabungen <br>\u2022zur Unterst\u00fctzung der Schulentwicklung <\/p>\n","protected":false},"excerpt":{"rendered":"<p>Beratungslehrer, der f\u00fcr unsere Schule zust\u00e4ndig ist: Kieser, ThomasPeter-Sch\u00f6llhorn-MS NU-MitteTel: 0731\/9706315 (Telefonsprechzeit: Freitag: 11:15 \u2013 12:00 Uhr)Fax : 0731\/9706113beratungslehrkraft.kieser@schulberatung-nu.de Schulpsychologin,&hellip;<\/p>\n","protected":false},"author":2,"featured_media":0,"parent":0,"menu_order":0,"comment_status":"closed","ping_status":"closed","template":"","meta":{"footnotes":""},"class_list":["post-279","page","type-page","status-publish","hentry"],"_links":{"self":[{"href":"https:\/\/gsoffenhausen.schule.neu-ulm.de\/index.php?rest_route=\/wp\/v2\/pages\/279","targetHints":{"allow":["GET"]}}],"collection":[{"href":"https:\/\/gsoffenhausen.schule.neu-ulm.de\/index.php?rest_route=\/wp\/v2\/pages"}],"about":[{"href":"https:\/\/gsoffenhausen.schule.neu-ulm.de\/index.php?rest_route=\/wp\/v2\/types\/page"}],"author":[{"embeddable":true,"href":"https:\/\/gsoffenhausen.schule.neu-ulm.de\/index.php?rest_route=\/wp\/v2\/users\/2"}],"replies":[{"embeddable":true,"href":"https:\/\/gsoffenhausen.schule.neu-ulm.de\/index.php?rest_route=%2Fwp%2Fv2%2Fcomments&post=279"}],"version-history":[{"count":29,"href":"https:\/\/gsoffenhausen.schule.neu-ulm.de\/index.php?rest_route=\/wp\/v2\/pages\/279\/revisions"}],"predecessor-version":[{"id":6356,"href":"https:\/\/gsoffenhausen.schule.neu-ulm.de\/index.php?rest_route=\/wp\/v2\/pages\/279\/revisions\/6356"}],"wp:attachment":[{"href":"https:\/\/gsoffenhausen.schule.neu-ulm.de\/index.php?rest_route=%2Fwp%2Fv2%2Fmedia&parent=279"}],"curies":[{"name":"wp","href":"https:\/\/api.w.org\/{rel}","templated":true}]}}