{"id":293,"date":"2019-12-10T10:09:23","date_gmt":"2019-12-10T10:09:23","guid":{"rendered":"https:\/\/www.gsoffenhausen.schule.neu-ulm.de\/?page_id=293"},"modified":"2026-01-27T08:04:02","modified_gmt":"2026-01-27T08:04:02","slug":"schulleitung","status":"publish","type":"page","link":"https:\/\/gsoffenhausen.schule.neu-ulm.de\/?page_id=293","title":{"rendered":"Schulleitung"},"content":{"rendered":"\n<p><\/p>\n\n\n\n<p>Gerne haben wir ein Offenes Ohr f\u00fcr Ihre Anliegen. <br>Bitte machen Sie hierf\u00fcr einen Termin \u00fcber unser Sekretariat aus.<\/p>\n\n\n\n<figure class=\"wp-block-image size-large\"><img loading=\"lazy\" decoding=\"async\" width=\"1024\" height=\"1024\" src=\"https:\/\/gsoffenhausen.schule.neu-ulm.de\/wp-content\/uploads\/2026\/01\/Schulleitung221-1024x1024.jpg\" alt=\"\" class=\"wp-image-6519\" srcset=\"https:\/\/gsoffenhausen.schule.neu-ulm.de\/wp-content\/uploads\/2026\/01\/Schulleitung221-1024x1024.jpg 1024w, https:\/\/gsoffenhausen.schule.neu-ulm.de\/wp-content\/uploads\/2026\/01\/Schulleitung221-300x300.jpg 300w, https:\/\/gsoffenhausen.schule.neu-ulm.de\/wp-content\/uploads\/2026\/01\/Schulleitung221-150x150.jpg 150w, https:\/\/gsoffenhausen.schule.neu-ulm.de\/wp-content\/uploads\/2026\/01\/Schulleitung221-768x768.jpg 768w, https:\/\/gsoffenhausen.schule.neu-ulm.de\/wp-content\/uploads\/2026\/01\/Schulleitung221-1536x1536.jpg 1536w, https:\/\/gsoffenhausen.schule.neu-ulm.de\/wp-content\/uploads\/2026\/01\/Schulleitung221-1600x1600.jpg 1600w, https:\/\/gsoffenhausen.schule.neu-ulm.de\/wp-content\/uploads\/2026\/01\/Schulleitung221.jpg 1952w\" sizes=\"auto, (max-width: 1024px) 100vw, 1024px\" \/><\/figure>\n\n\n\n<p class=\"has-text-align-center\"><strong>Stephanie Klippstein, Rektorin <\/strong><\/p>\n","protected":false},"excerpt":{"rendered":"<p>Gerne haben wir ein Offenes Ohr f\u00fcr Ihre Anliegen. Bitte machen Sie hierf\u00fcr einen Termin \u00fcber unser Sekretariat aus. Stephanie&hellip;<\/p>\n","protected":false},"author":2,"featured_media":0,"parent":0,"menu_order":0,"comment_status":"closed","ping_status":"closed","template":"","meta":{"footnotes":""},"class_list":["post-293","page","type-page","status-publish","hentry"],"_links":{"self":[{"href":"https:\/\/gsoffenhausen.schule.neu-ulm.de\/index.php?rest_route=\/wp\/v2\/pages\/293","targetHints":{"allow":["GET"]}}],"collection":[{"href":"https:\/\/gsoffenhausen.schule.neu-ulm.de\/index.php?rest_route=\/wp\/v2\/pages"}],"about":[{"href":"https:\/\/gsoffenhausen.schule.neu-ulm.de\/index.php?rest_route=\/wp\/v2\/types\/page"}],"author":[{"embeddable":true,"href":"https:\/\/gsoffenhausen.schule.neu-ulm.de\/index.php?rest_route=\/wp\/v2\/users\/2"}],"replies":[{"embeddable":true,"href":"https:\/\/gsoffenhausen.schule.neu-ulm.de\/index.php?rest_route=%2Fwp%2Fv2%2Fcomments&post=293"}],"version-history":[{"count":14,"href":"https:\/\/gsoffenhausen.schule.neu-ulm.de\/index.php?rest_route=\/wp\/v2\/pages\/293\/revisions"}],"predecessor-version":[{"id":6520,"href":"https:\/\/gsoffenhausen.schule.neu-ulm.de\/index.php?rest_route=\/wp\/v2\/pages\/293\/revisions\/6520"}],"wp:attachment":[{"href":"https:\/\/gsoffenhausen.schule.neu-ulm.de\/index.php?rest_route=%2Fwp%2Fv2%2Fmedia&parent=293"}],"curies":[{"name":"wp","href":"https:\/\/api.w.org\/{rel}","templated":true}]}}