{"id":363,"date":"2019-12-11T11:19:21","date_gmt":"2019-12-11T11:19:21","guid":{"rendered":"https:\/\/www.gsoffenhausen.schule.neu-ulm.de\/?page_id=363"},"modified":"2025-04-07T06:41:57","modified_gmt":"2025-04-07T06:41:57","slug":"buechereiteam","status":"publish","type":"page","link":"https:\/\/gsoffenhausen.schule.neu-ulm.de\/?page_id=363","title":{"rendered":"B\u00fcchereiteam"},"content":{"rendered":"\n<h4 class=\"wp-block-heading\">Unsere Sch\u00fclerb\u00fccherei<\/h4>\n\n\n\n<figure class=\"wp-block-gallery has-nested-images columns-default is-cropped wp-block-gallery-1 is-layout-flex wp-block-gallery-is-layout-flex\">\n<figure class=\"wp-block-image\"><img loading=\"lazy\" decoding=\"async\" width=\"1024\" height=\"680\" data-id=\"374\" src=\"https:\/\/gsoffenhausen.schule.neu-ulm.de\/wp-content\/uploads\/2019\/12\/B\u00fccherei1-2-1024x680.jpg\" alt=\"\" class=\"wp-image-374\" srcset=\"https:\/\/gsoffenhausen.schule.neu-ulm.de\/wp-content\/uploads\/2019\/12\/B\u00fccherei1-2-1024x680.jpg 1024w, https:\/\/gsoffenhausen.schule.neu-ulm.de\/wp-content\/uploads\/2019\/12\/B\u00fccherei1-2-300x199.jpg 300w, https:\/\/gsoffenhausen.schule.neu-ulm.de\/wp-content\/uploads\/2019\/12\/B\u00fccherei1-2-768x510.jpg 768w, https:\/\/gsoffenhausen.schule.neu-ulm.de\/wp-content\/uploads\/2019\/12\/B\u00fccherei1-2-1600x1063.jpg 1600w\" sizes=\"auto, (max-width: 1024px) 100vw, 1024px\" \/><\/figure>\n\n\n\n<figure class=\"wp-block-image\"><img loading=\"lazy\" decoding=\"async\" width=\"1024\" height=\"683\" data-id=\"375\" src=\"https:\/\/gsoffenhausen.schule.neu-ulm.de\/wp-content\/uploads\/2019\/12\/B\u00fccherei2-2-1024x683.jpg\" alt=\"\" class=\"wp-image-375\" srcset=\"https:\/\/gsoffenhausen.schule.neu-ulm.de\/wp-content\/uploads\/2019\/12\/B\u00fccherei2-2-1024x683.jpg 1024w, https:\/\/gsoffenhausen.schule.neu-ulm.de\/wp-content\/uploads\/2019\/12\/B\u00fccherei2-2-300x200.jpg 300w, https:\/\/gsoffenhausen.schule.neu-ulm.de\/wp-content\/uploads\/2019\/12\/B\u00fccherei2-2-768x512.jpg 768w, https:\/\/gsoffenhausen.schule.neu-ulm.de\/wp-content\/uploads\/2019\/12\/B\u00fccherei2-2-1600x1067.jpg 1600w\" sizes=\"auto, (max-width: 1024px) 100vw, 1024px\" \/><\/figure>\n<\/figure>\n\n\n\n<p>Im Herbst 2017 hat bei uns aus Elterninitiative heraus ein ganz besonderes Projekt gestartet: der Aufbau einer Schulb\u00fccherei. Der ehemalige Hausaufgabenraum im Untergeschoss wurde grunderneuert und unter dem Motto \u201eWiese\u201c  neu gestaltet und eingerichtet. Ein Bestand von \u00fcber 1500 B\u00fcchern wurde aufgebaut. Das Sortiment erstreckt sich dabei von den echten Klassikern hin zu neueren Einzelwerken und Lesereihen, vom Buch f\u00fcr den absoluten Leseanfang bis hin zum Buch f\u00fcr den Leseprofi. Auch ein sehr breitgef\u00e4chertes Angebot an Sachb\u00fcchern ist vorhanden, zudem mehrsprachige B\u00fccher und B\u00fccher mit H\u00f6rfunktion! Finanziert wurde das Projekt von der Kinderstiftung Ulm \/Donau-Iller, Ulms kleine Spatzen und dem F\u00f6rderverein Bildung Offenhausen. Aber auch die Eltern und viele Buchverlage haben B\u00fccher gespendet.  <\/p>\n\n\n\n<p>Am 5. Juni 2018 war es dann endlich soweit. Die B\u00fccherei konnte feierlich er\u00f6ffnet werden. Seitdem ist die Schulb\u00fccherei ein fester Bestandteil des kulturellen Lebens an unserer Schule geworden. Die B\u00fccherei ist von Montag bis Freitag t\u00e4glich zur Ausleihe ge\u00f6ffnet und viele Sch\u00fcler treffen sich dort am Morgen, um vor dem Unterrichtsbeginn noch etwas zu verweilen und in den B\u00fccherregalen zu st\u00f6bern. Die Ausleihe wird dabei rein ehrenamtlich von den Eltern betreut. Zudem wird die B\u00fccherei aber auch direkt in den regul\u00e4ren Schulunterricht integriert, z.B. f\u00fcr Recherchet\u00e4tigkeiten bei der Vorbereitung von Projekten im Heimat- und Sachkundeunterricht. <\/p>\n\n\n\n<p>\u00dcber die reine Ausleihe hinaus organisiert das B\u00fcchereiteam auch Aktionen rund ums Lesen, z.B. Autorenlesungen, und hat sich das Ziel gesetzt, mit interessanten Projekten im Bereich der Lesef\u00f6rderung aktiv zu sein.  <\/p>\n\n\n\n<p>Unsere Grundschule nahm am B\u00fcchert\u00fcrme-Projekt teil (www.b\u00fcchert\u00fcrme.de). Ein erster Turm, so hoch wie der 36 Meter hohe Neu-Ulmer Wasserturm, wurde \u201efertiggebaut\u201c und sogar an das 161,53 Meter hohe Ulmer M\u00fcnster haben wir gemeinsam mit mit 9 weiteren Grundschulen aus der Region erlesen. <\/p>\n\n\n<div class=\"wp-block-image\">\n<figure class=\"aligncenter\"><img loading=\"lazy\" decoding=\"async\" width=\"345\" height=\"640\" src=\"https:\/\/gsoffenhausen.schule.neu-ulm.de\/wp-content\/uploads\/2019\/12\/Ulmer_Muenster_www.jpeg-1.jpg\" alt=\"\" class=\"wp-image-381\" srcset=\"https:\/\/gsoffenhausen.schule.neu-ulm.de\/wp-content\/uploads\/2019\/12\/Ulmer_Muenster_www.jpeg-1.jpg 345w, https:\/\/gsoffenhausen.schule.neu-ulm.de\/wp-content\/uploads\/2019\/12\/Ulmer_Muenster_www.jpeg-1-162x300.jpg 162w\" sizes=\"auto, (max-width: 345px) 100vw, 345px\" \/><\/figure>\n<\/div>\n\n\n<p>Ansprechpartner f\u00fcr Fragen rund um unsere Schulb\u00fccherei: Ute M\u00fchlbauer, u.muehlbauer@yahoo.de.\u00a0 <\/p>\n\n\n\n<h4 class=\"wp-block-heading\">Spendenaufruf: <\/h4>\n\n\n\n<p>Um unsere B\u00fccherei immer auf aktuellem Stand zu halten und von den beliebtesten Buchreihen auch Neuerscheinungen kaufen zu k\u00f6nnen, freuen wir uns immer sehr \u00fcber Spenden und k\u00f6nnen auch eine Spendenquittung ausstellen. <br><br>Schulb\u00fccherei Neu-Ulm Offenhausen, DE79 6309 0100 0002 2060 05, Volksbank Ulm-Biberach <br><br>Auch \u00fcber Buchspenden freuen wir uns immer sehr! <\/p>\n\n\n\n<figure class=\"wp-block-embed is-type-video is-provider-youtube wp-block-embed-youtube wp-embed-aspect-16-9 wp-has-aspect-ratio\"><div class=\"wp-block-embed__wrapper\">\n<iframe loading=\"lazy\" title=\"B\u00fccherspende\" width=\"688\" height=\"387\" src=\"https:\/\/www.youtube.com\/embed\/fwjfBTzJFMs?feature=oembed\" frameborder=\"0\" allow=\"accelerometer; autoplay; clipboard-write; encrypted-media; gyroscope; picture-in-picture; web-share\" allowfullscreen><\/iframe>\n<\/div><\/figure>\n","protected":false},"excerpt":{"rendered":"<p>Unsere Sch\u00fclerb\u00fccherei Im Herbst 2017 hat bei uns aus Elterninitiative heraus ein ganz besonderes Projekt gestartet: der Aufbau einer Schulb\u00fccherei.&hellip;<\/p>\n","protected":false},"author":1,"featured_media":0,"parent":0,"menu_order":0,"comment_status":"closed","ping_status":"closed","template":"","meta":{"footnotes":""},"class_list":["post-363","page","type-page","status-publish","hentry"],"_links":{"self":[{"href":"https:\/\/gsoffenhausen.schule.neu-ulm.de\/index.php?rest_route=\/wp\/v2\/pages\/363","targetHints":{"allow":["GET"]}}],"collection":[{"href":"https:\/\/gsoffenhausen.schule.neu-ulm.de\/index.php?rest_route=\/wp\/v2\/pages"}],"about":[{"href":"https:\/\/gsoffenhausen.schule.neu-ulm.de\/index.php?rest_route=\/wp\/v2\/types\/page"}],"author":[{"embeddable":true,"href":"https:\/\/gsoffenhausen.schule.neu-ulm.de\/index.php?rest_route=\/wp\/v2\/users\/1"}],"replies":[{"embeddable":true,"href":"https:\/\/gsoffenhausen.schule.neu-ulm.de\/index.php?rest_route=%2Fwp%2Fv2%2Fcomments&post=363"}],"version-history":[{"count":10,"href":"https:\/\/gsoffenhausen.schule.neu-ulm.de\/index.php?rest_route=\/wp\/v2\/pages\/363\/revisions"}],"predecessor-version":[{"id":6103,"href":"https:\/\/gsoffenhausen.schule.neu-ulm.de\/index.php?rest_route=\/wp\/v2\/pages\/363\/revisions\/6103"}],"wp:attachment":[{"href":"https:\/\/gsoffenhausen.schule.neu-ulm.de\/index.php?rest_route=%2Fwp%2Fv2%2Fmedia&parent=363"}],"curies":[{"name":"wp","href":"https:\/\/api.w.org\/{rel}","templated":true}]}}