{"id":597,"date":"2020-02-14T10:01:12","date_gmt":"2020-02-14T10:01:12","guid":{"rendered":"https:\/\/www.gsoffenhausen.schule.neu-ulm.de\/?page_id=597"},"modified":"2024-07-29T06:56:08","modified_gmt":"2024-07-29T06:56:08","slug":"gebundener-ganztag","status":"publish","type":"page","link":"https:\/\/gsoffenhausen.schule.neu-ulm.de\/?page_id=597","title":{"rendered":"gebundener Ganztag"},"content":{"rendered":"\n<p>Die Grundschule Offenhausen bietet die M\u00f6glichkeit des Besuchs einer gebundenen Ganztagesklasse. Die Ganztagesangebote sind kostenlos. Die Anmeldung ist f\u00fcr das ganze Schuljahr verbindlich. <\/p>\n\n\n\n<ul class=\"wp-block-list\">\n<li>Unterricht vormittags und nachmittags <\/li>\n\n\n\n<li>Montag bis Donnerstag von 7:45 Uhr (Vorviertelstunde ab 7:30 Uhr) bis 15:30 Uhr<\/li>\n\n\n\n<li>Freitags kein Nachmittagsunterricht<\/li>\n\n\n\n<li>Stundentafel wie in der Regelklasse + Studierzeiten (\u00e4hnlich Hausaufgabe\/Wochenplan) + besondere Ganztagesaktivit\u00e4ten<\/li>\n\n\n\n<li>Das Mittagessen in der Mensa (Kosten 71,92 \u20ac pro Monat) erhalten wir von illerGASTRO (Infos unter: http:\/\/www.illergastro.de\/kinder.html)<\/li>\n\n\n\n<li>Mittagszeit (bei guter Witterung) auf dem Pausenhof<\/li>\n\n\n\n<li>Kooperation mit externen Partnern (Betreuer, Basketball, Streitschlichter, &#8230;)<\/li>\n\n\n\n<li>klassen\u00fcbergreifende Ganztagesaktivit\u00e4t (musisch, sportlich, k\u00fcnstlerisch, \u2026)<\/li>\n\n\n\n<li>Rhythmisierung <\/li>\n\n\n\n<li>Differenzierungsstunden (zwei Lehrer in der Klasse) erm\u00f6glichen das Lernen in kleinen Gruppen<\/li>\n\n\n\n<li>Hausaufgabe nur bei Bedarf (haupts\u00e4chlich am Freitag)<\/li>\n\n\n\n<li>\u201eLernen\u201c als zus\u00e4tzliches \u00dcben (f\u00fcr eine Probe) findet zuhause statt<\/li>\n<\/ul>\n\n\n\n<h4 class=\"wp-block-heading\">klassen\u00fcbergreifende Ganztagesaktivit\u00e4ten 2019\/20<\/h4>\n\n\n\n<figure class=\"wp-block-gallery has-nested-images columns-default is-cropped wp-block-gallery-1 is-layout-flex wp-block-gallery-is-layout-flex\">\n<figure class=\"wp-block-image size-large\"><img loading=\"lazy\" decoding=\"async\" width=\"1024\" height=\"1024\" data-id=\"635\" src=\"https:\/\/gsoffenhausen.schule.neu-ulm.de\/wp-content\/uploads\/2020\/02\/akrobatik-1-1024x1024.jpg\" alt=\"\" class=\"wp-image-635\" srcset=\"https:\/\/gsoffenhausen.schule.neu-ulm.de\/wp-content\/uploads\/2020\/02\/akrobatik-1-1024x1024.jpg 1024w, https:\/\/gsoffenhausen.schule.neu-ulm.de\/wp-content\/uploads\/2020\/02\/akrobatik-1-300x300.jpg 300w, https:\/\/gsoffenhausen.schule.neu-ulm.de\/wp-content\/uploads\/2020\/02\/akrobatik-1-150x150.jpg 150w, https:\/\/gsoffenhausen.schule.neu-ulm.de\/wp-content\/uploads\/2020\/02\/akrobatik-1-768x768.jpg 768w, https:\/\/gsoffenhausen.schule.neu-ulm.de\/wp-content\/uploads\/2020\/02\/akrobatik-1-1536x1536.jpg 1536w, https:\/\/gsoffenhausen.schule.neu-ulm.de\/wp-content\/uploads\/2020\/02\/akrobatik-1-2048x2048.jpg 2048w, https:\/\/gsoffenhausen.schule.neu-ulm.de\/wp-content\/uploads\/2020\/02\/akrobatik-1-1600x1600.jpg 1600w\" sizes=\"auto, (max-width: 1024px) 100vw, 1024px\" \/><\/figure>\n\n\n\n<figure class=\"wp-block-image size-large\"><img loading=\"lazy\" decoding=\"async\" width=\"1024\" height=\"1024\" data-id=\"636\" src=\"https:\/\/gsoffenhausen.schule.neu-ulm.de\/wp-content\/uploads\/2020\/02\/b\u00fccherei2-1-1024x1024.jpg\" alt=\"\" class=\"wp-image-636\" srcset=\"https:\/\/gsoffenhausen.schule.neu-ulm.de\/wp-content\/uploads\/2020\/02\/b\u00fccherei2-1-1024x1024.jpg 1024w, https:\/\/gsoffenhausen.schule.neu-ulm.de\/wp-content\/uploads\/2020\/02\/b\u00fccherei2-1-300x300.jpg 300w, https:\/\/gsoffenhausen.schule.neu-ulm.de\/wp-content\/uploads\/2020\/02\/b\u00fccherei2-1-150x150.jpg 150w, https:\/\/gsoffenhausen.schule.neu-ulm.de\/wp-content\/uploads\/2020\/02\/b\u00fccherei2-1-768x767.jpg 768w, https:\/\/gsoffenhausen.schule.neu-ulm.de\/wp-content\/uploads\/2020\/02\/b\u00fccherei2-1.jpg 1422w\" sizes=\"auto, (max-width: 1024px) 100vw, 1024px\" \/><\/figure>\n\n\n\n<figure class=\"wp-block-image size-large\"><img loading=\"lazy\" decoding=\"async\" width=\"1024\" height=\"1024\" data-id=\"637\" src=\"https:\/\/gsoffenhausen.schule.neu-ulm.de\/wp-content\/uploads\/2020\/02\/theater2-1-1024x1024.jpg\" alt=\"\" class=\"wp-image-637\" srcset=\"https:\/\/gsoffenhausen.schule.neu-ulm.de\/wp-content\/uploads\/2020\/02\/theater2-1-1024x1024.jpg 1024w, https:\/\/gsoffenhausen.schule.neu-ulm.de\/wp-content\/uploads\/2020\/02\/theater2-1-300x300.jpg 300w, https:\/\/gsoffenhausen.schule.neu-ulm.de\/wp-content\/uploads\/2020\/02\/theater2-1-150x150.jpg 150w, https:\/\/gsoffenhausen.schule.neu-ulm.de\/wp-content\/uploads\/2020\/02\/theater2-1-768x768.jpg 768w, https:\/\/gsoffenhausen.schule.neu-ulm.de\/wp-content\/uploads\/2020\/02\/theater2-1-1536x1536.jpg 1536w, https:\/\/gsoffenhausen.schule.neu-ulm.de\/wp-content\/uploads\/2020\/02\/theater2-1-2048x2048.jpg 2048w, https:\/\/gsoffenhausen.schule.neu-ulm.de\/wp-content\/uploads\/2020\/02\/theater2-1-1600x1600.jpg 1600w\" sizes=\"auto, (max-width: 1024px) 100vw, 1024px\" \/><\/figure>\n\n\n\n<figure class=\"wp-block-image size-large\"><img loading=\"lazy\" decoding=\"async\" width=\"1024\" height=\"1024\" data-id=\"638\" src=\"https:\/\/gsoffenhausen.schule.neu-ulm.de\/wp-content\/uploads\/2020\/02\/yoga-1-1024x1024.jpg\" alt=\"\" class=\"wp-image-638\" srcset=\"https:\/\/gsoffenhausen.schule.neu-ulm.de\/wp-content\/uploads\/2020\/02\/yoga-1-1024x1024.jpg 1024w, https:\/\/gsoffenhausen.schule.neu-ulm.de\/wp-content\/uploads\/2020\/02\/yoga-1-300x300.jpg 300w, https:\/\/gsoffenhausen.schule.neu-ulm.de\/wp-content\/uploads\/2020\/02\/yoga-1-150x150.jpg 150w, https:\/\/gsoffenhausen.schule.neu-ulm.de\/wp-content\/uploads\/2020\/02\/yoga-1-768x768.jpg 768w, https:\/\/gsoffenhausen.schule.neu-ulm.de\/wp-content\/uploads\/2020\/02\/yoga-1-1536x1536.jpg 1536w, https:\/\/gsoffenhausen.schule.neu-ulm.de\/wp-content\/uploads\/2020\/02\/yoga-1-2048x2048.jpg 2048w, https:\/\/gsoffenhausen.schule.neu-ulm.de\/wp-content\/uploads\/2020\/02\/yoga-1-1600x1599.jpg 1600w\" sizes=\"auto, (max-width: 1024px) 100vw, 1024px\" \/><\/figure>\n\n\n\n<figure class=\"wp-block-image size-large\"><img loading=\"lazy\" decoding=\"async\" width=\"1024\" height=\"1024\" data-id=\"639\" src=\"https:\/\/gsoffenhausen.schule.neu-ulm.de\/wp-content\/uploads\/2020\/02\/zeitung-1-1024x1024.jpg\" alt=\"\" class=\"wp-image-639\" srcset=\"https:\/\/gsoffenhausen.schule.neu-ulm.de\/wp-content\/uploads\/2020\/02\/zeitung-1-1024x1024.jpg 1024w, https:\/\/gsoffenhausen.schule.neu-ulm.de\/wp-content\/uploads\/2020\/02\/zeitung-1-300x300.jpg 300w, https:\/\/gsoffenhausen.schule.neu-ulm.de\/wp-content\/uploads\/2020\/02\/zeitung-1-150x150.jpg 150w, https:\/\/gsoffenhausen.schule.neu-ulm.de\/wp-content\/uploads\/2020\/02\/zeitung-1-768x767.jpg 768w, https:\/\/gsoffenhausen.schule.neu-ulm.de\/wp-content\/uploads\/2020\/02\/zeitung-1-1536x1536.jpg 1536w, https:\/\/gsoffenhausen.schule.neu-ulm.de\/wp-content\/uploads\/2020\/02\/zeitung-1-2048x2046.jpg 2048w, https:\/\/gsoffenhausen.schule.neu-ulm.de\/wp-content\/uploads\/2020\/02\/zeitung-1-1600x1599.jpg 1600w\" sizes=\"auto, (max-width: 1024px) 100vw, 1024px\" \/><\/figure>\n\n\n\n<figure class=\"wp-block-image size-large\"><img loading=\"lazy\" decoding=\"async\" width=\"1024\" height=\"1021\" data-id=\"640\" src=\"https:\/\/gsoffenhausen.schule.neu-ulm.de\/wp-content\/uploads\/2020\/02\/basteln-1-1024x1021.jpg\" alt=\"\" class=\"wp-image-640\" srcset=\"https:\/\/gsoffenhausen.schule.neu-ulm.de\/wp-content\/uploads\/2020\/02\/basteln-1-1024x1021.jpg 1024w, https:\/\/gsoffenhausen.schule.neu-ulm.de\/wp-content\/uploads\/2020\/02\/basteln-1-300x300.jpg 300w, https:\/\/gsoffenhausen.schule.neu-ulm.de\/wp-content\/uploads\/2020\/02\/basteln-1-150x150.jpg 150w, https:\/\/gsoffenhausen.schule.neu-ulm.de\/wp-content\/uploads\/2020\/02\/basteln-1-768x766.jpg 768w, https:\/\/gsoffenhausen.schule.neu-ulm.de\/wp-content\/uploads\/2020\/02\/basteln-1-1536x1531.jpg 1536w, https:\/\/gsoffenhausen.schule.neu-ulm.de\/wp-content\/uploads\/2020\/02\/basteln-1-2048x2042.jpg 2048w, https:\/\/gsoffenhausen.schule.neu-ulm.de\/wp-content\/uploads\/2020\/02\/basteln-1-1600x1595.jpg 1600w\" sizes=\"auto, (max-width: 1024px) 100vw, 1024px\" \/><\/figure>\n\n\n\n<figure class=\"wp-block-image size-large\"><img loading=\"lazy\" decoding=\"async\" width=\"1024\" height=\"1024\" data-id=\"641\" src=\"https:\/\/gsoffenhausen.schule.neu-ulm.de\/wp-content\/uploads\/2020\/02\/chor-1-1024x1024.jpg\" alt=\"\" class=\"wp-image-641\" srcset=\"https:\/\/gsoffenhausen.schule.neu-ulm.de\/wp-content\/uploads\/2020\/02\/chor-1-1024x1024.jpg 1024w, https:\/\/gsoffenhausen.schule.neu-ulm.de\/wp-content\/uploads\/2020\/02\/chor-1-300x300.jpg 300w, https:\/\/gsoffenhausen.schule.neu-ulm.de\/wp-content\/uploads\/2020\/02\/chor-1-150x150.jpg 150w, https:\/\/gsoffenhausen.schule.neu-ulm.de\/wp-content\/uploads\/2020\/02\/chor-1-768x767.jpg 768w, https:\/\/gsoffenhausen.schule.neu-ulm.de\/wp-content\/uploads\/2020\/02\/chor-1-1536x1536.jpg 1536w, https:\/\/gsoffenhausen.schule.neu-ulm.de\/wp-content\/uploads\/2020\/02\/chor-1-2048x2046.jpg 2048w, https:\/\/gsoffenhausen.schule.neu-ulm.de\/wp-content\/uploads\/2020\/02\/chor-1-1600x1599.jpg 1600w\" sizes=\"auto, (max-width: 1024px) 100vw, 1024px\" \/><\/figure>\n\n\n\n<figure class=\"wp-block-image size-large\"><img loading=\"lazy\" decoding=\"async\" width=\"1024\" height=\"1024\" data-id=\"642\" src=\"https:\/\/gsoffenhausen.schule.neu-ulm.de\/wp-content\/uploads\/2020\/02\/fl\u00f6ten-1-1024x1024.jpg\" alt=\"\" class=\"wp-image-642\" srcset=\"https:\/\/gsoffenhausen.schule.neu-ulm.de\/wp-content\/uploads\/2020\/02\/fl\u00f6ten-1-1024x1024.jpg 1024w, https:\/\/gsoffenhausen.schule.neu-ulm.de\/wp-content\/uploads\/2020\/02\/fl\u00f6ten-1-300x300.jpg 300w, https:\/\/gsoffenhausen.schule.neu-ulm.de\/wp-content\/uploads\/2020\/02\/fl\u00f6ten-1-150x150.jpg 150w, https:\/\/gsoffenhausen.schule.neu-ulm.de\/wp-content\/uploads\/2020\/02\/fl\u00f6ten-1-768x767.jpg 768w, https:\/\/gsoffenhausen.schule.neu-ulm.de\/wp-content\/uploads\/2020\/02\/fl\u00f6ten-1-1536x1536.jpg 1536w, https:\/\/gsoffenhausen.schule.neu-ulm.de\/wp-content\/uploads\/2020\/02\/fl\u00f6ten-1-2048x2048.jpg 2048w, https:\/\/gsoffenhausen.schule.neu-ulm.de\/wp-content\/uploads\/2020\/02\/fl\u00f6ten-1-1600x1599.jpg 1600w\" sizes=\"auto, (max-width: 1024px) 100vw, 1024px\" \/><\/figure>\n\n\n\n<figure class=\"wp-block-image size-large\"><img loading=\"lazy\" decoding=\"async\" width=\"1024\" height=\"1024\" data-id=\"643\" src=\"https:\/\/gsoffenhausen.schule.neu-ulm.de\/wp-content\/uploads\/2020\/02\/kunst-1-1024x1024.jpg\" alt=\"\" class=\"wp-image-643\" srcset=\"https:\/\/gsoffenhausen.schule.neu-ulm.de\/wp-content\/uploads\/2020\/02\/kunst-1-1024x1024.jpg 1024w, https:\/\/gsoffenhausen.schule.neu-ulm.de\/wp-content\/uploads\/2020\/02\/kunst-1-300x300.jpg 300w, https:\/\/gsoffenhausen.schule.neu-ulm.de\/wp-content\/uploads\/2020\/02\/kunst-1-150x150.jpg 150w, https:\/\/gsoffenhausen.schule.neu-ulm.de\/wp-content\/uploads\/2020\/02\/kunst-1-768x768.jpg 768w, https:\/\/gsoffenhausen.schule.neu-ulm.de\/wp-content\/uploads\/2020\/02\/kunst-1-1536x1536.jpg 1536w, https:\/\/gsoffenhausen.schule.neu-ulm.de\/wp-content\/uploads\/2020\/02\/kunst-1-2048x2048.jpg 2048w, https:\/\/gsoffenhausen.schule.neu-ulm.de\/wp-content\/uploads\/2020\/02\/kunst-1-1600x1600.jpg 1600w\" sizes=\"auto, (max-width: 1024px) 100vw, 1024px\" \/><\/figure>\n\n\n\n<figure class=\"wp-block-image size-large\"><img loading=\"lazy\" decoding=\"async\" width=\"449\" height=\"450\" data-id=\"645\" src=\"https:\/\/gsoffenhausen.schule.neu-ulm.de\/wp-content\/uploads\/2020\/02\/basketball.jpg\" alt=\"\" class=\"wp-image-645\" srcset=\"https:\/\/gsoffenhausen.schule.neu-ulm.de\/wp-content\/uploads\/2020\/02\/basketball.jpg 449w, https:\/\/gsoffenhausen.schule.neu-ulm.de\/wp-content\/uploads\/2020\/02\/basketball-300x300.jpg 300w, https:\/\/gsoffenhausen.schule.neu-ulm.de\/wp-content\/uploads\/2020\/02\/basketball-150x150.jpg 150w\" sizes=\"auto, (max-width: 449px) 100vw, 449px\" \/><\/figure>\n\n\n\n<figure class=\"wp-block-image size-large\"><img loading=\"lazy\" decoding=\"async\" width=\"1024\" height=\"1024\" data-id=\"646\" src=\"https:\/\/gsoffenhausen.schule.neu-ulm.de\/wp-content\/uploads\/2020\/02\/spieleerfinder-1024x1024.jpg\" alt=\"\" class=\"wp-image-646\" srcset=\"https:\/\/gsoffenhausen.schule.neu-ulm.de\/wp-content\/uploads\/2020\/02\/spieleerfinder-1024x1024.jpg 1024w, https:\/\/gsoffenhausen.schule.neu-ulm.de\/wp-content\/uploads\/2020\/02\/spieleerfinder-300x300.jpg 300w, https:\/\/gsoffenhausen.schule.neu-ulm.de\/wp-content\/uploads\/2020\/02\/spieleerfinder-150x150.jpg 150w, https:\/\/gsoffenhausen.schule.neu-ulm.de\/wp-content\/uploads\/2020\/02\/spieleerfinder-768x768.jpg 768w, https:\/\/gsoffenhausen.schule.neu-ulm.de\/wp-content\/uploads\/2020\/02\/spieleerfinder-1536x1536.jpg 1536w, https:\/\/gsoffenhausen.schule.neu-ulm.de\/wp-content\/uploads\/2020\/02\/spieleerfinder-2048x2048.jpg 2048w, https:\/\/gsoffenhausen.schule.neu-ulm.de\/wp-content\/uploads\/2020\/02\/spieleerfinder-1600x1599.jpg 1600w\" sizes=\"auto, (max-width: 1024px) 100vw, 1024px\" \/><\/figure>\n\n\n\n<figure class=\"wp-block-image size-large\"><img loading=\"lazy\" decoding=\"async\" width=\"1024\" height=\"1022\" data-id=\"647\" src=\"https:\/\/gsoffenhausen.schule.neu-ulm.de\/wp-content\/uploads\/2020\/02\/streitschlichter-1-1024x1022.jpg\" alt=\"\" class=\"wp-image-647\" srcset=\"https:\/\/gsoffenhausen.schule.neu-ulm.de\/wp-content\/uploads\/2020\/02\/streitschlichter-1-1024x1022.jpg 1024w, https:\/\/gsoffenhausen.schule.neu-ulm.de\/wp-content\/uploads\/2020\/02\/streitschlichter-1-300x300.jpg 300w, https:\/\/gsoffenhausen.schule.neu-ulm.de\/wp-content\/uploads\/2020\/02\/streitschlichter-1-150x150.jpg 150w, https:\/\/gsoffenhausen.schule.neu-ulm.de\/wp-content\/uploads\/2020\/02\/streitschlichter-1-768x766.jpg 768w, https:\/\/gsoffenhausen.schule.neu-ulm.de\/wp-content\/uploads\/2020\/02\/streitschlichter-1-1536x1533.jpg 1536w, https:\/\/gsoffenhausen.schule.neu-ulm.de\/wp-content\/uploads\/2020\/02\/streitschlichter-1-2048x2044.jpg 2048w, https:\/\/gsoffenhausen.schule.neu-ulm.de\/wp-content\/uploads\/2020\/02\/streitschlichter-1-1600x1597.jpg 1600w\" sizes=\"auto, (max-width: 1024px) 100vw, 1024px\" \/><\/figure>\n<\/figure>\n\n\n\n<p>Fl\u00f6ten (1. und 2. Klasse)<br>Kunst (1. und 2. Klasse)<br>Theater (1. und 2. Klasse)<br>Chor &amp; Rhythmus (1. und 2. Klasse)<br>Baseketball (1. und 2. Klasse)<br>Yoga (1. bis 4. Klasse) <br>Spieleerfinder (1. bis 4. Klasse) <br>B\u00fccherei (3. und 4. Klasse)<br>Akrobatik (3. und 4. Klasse)<br>Theater (3. und 4. Klasse)<br>Basteln (3. und 4. Klasse)<br>Streitschlichter (3. und 4. Klasse)<br>Zeitung (3. und 4.Klasse)<\/p>\n","protected":false},"excerpt":{"rendered":"<p>Die Grundschule Offenhausen bietet die M\u00f6glichkeit des Besuchs einer gebundenen Ganztagesklasse. Die Ganztagesangebote sind kostenlos. Die Anmeldung ist f\u00fcr das&hellip;<\/p>\n","protected":false},"author":1,"featured_media":0,"parent":0,"menu_order":0,"comment_status":"closed","ping_status":"closed","template":"","meta":{"footnotes":""},"class_list":["post-597","page","type-page","status-publish","hentry"],"_links":{"self":[{"href":"https:\/\/gsoffenhausen.schule.neu-ulm.de\/index.php?rest_route=\/wp\/v2\/pages\/597","targetHints":{"allow":["GET"]}}],"collection":[{"href":"https:\/\/gsoffenhausen.schule.neu-ulm.de\/index.php?rest_route=\/wp\/v2\/pages"}],"about":[{"href":"https:\/\/gsoffenhausen.schule.neu-ulm.de\/index.php?rest_route=\/wp\/v2\/types\/page"}],"author":[{"embeddable":true,"href":"https:\/\/gsoffenhausen.schule.neu-ulm.de\/index.php?rest_route=\/wp\/v2\/users\/1"}],"replies":[{"embeddable":true,"href":"https:\/\/gsoffenhausen.schule.neu-ulm.de\/index.php?rest_route=%2Fwp%2Fv2%2Fcomments&post=597"}],"version-history":[{"count":18,"href":"https:\/\/gsoffenhausen.schule.neu-ulm.de\/index.php?rest_route=\/wp\/v2\/pages\/597\/revisions"}],"predecessor-version":[{"id":5821,"href":"https:\/\/gsoffenhausen.schule.neu-ulm.de\/index.php?rest_route=\/wp\/v2\/pages\/597\/revisions\/5821"}],"wp:attachment":[{"href":"https:\/\/gsoffenhausen.schule.neu-ulm.de\/index.php?rest_route=%2Fwp%2Fv2%2Fmedia&parent=597"}],"curies":[{"name":"wp","href":"https:\/\/api.w.org\/{rel}","templated":true}]}}