{"id":65,"date":"2019-11-05T08:32:25","date_gmt":"2019-11-05T08:32:25","guid":{"rendered":"https:\/\/www.gsoffenhausen.schule.neu-ulm.de\/?page_id=65"},"modified":"2025-12-09T09:50:34","modified_gmt":"2025-12-09T09:50:34","slug":"elternbeirat","status":"publish","type":"page","link":"https:\/\/gsoffenhausen.schule.neu-ulm.de\/?page_id=65","title":{"rendered":"Elternbeirat"},"content":{"rendered":"\n<p><\/p>\n\n\n\n<p>Liebe Eltern,<\/p>\n\n\n\n<p>wir freuen uns Euch die n\u00e4chsten zwei Jahre als Elternbeirat zur Verf\u00fcgung zu stehen. <br>Mit Euch zusammen m\u00f6chten wir gerne das Wort<\/p>\n\n\n\n<p style=\"font-size:28px\"> <strong>gemeinsam<\/strong> <\/p>\n\n\n\n<p>ganz gro\u00dfschreiben.<\/p>\n\n\n\n<p>Gerne k\u00f6nnt ihr mit Euren Anliegen an uns herantreten. <br>\u00dcber Eure Unterst\u00fctzung zum Umsetzen toller Aktionen f\u00fcr unsere Kinder freuen wir uns sehr.<\/p>\n\n\n\n<p><em>Euer Elternbeirat<\/em><\/p>\n\n\n\n<p class=\"has-primary-color has-text-color\">Unsere E-Mailadresse: <a href=\"mailto:Elternbeirat.gs.offenhausen@gmx.de\" target=\"_blank\" rel=\"noreferrer noopener\">Elternbeirat.gs.offenhausen@gmx.de<\/a><\/p>\n\n\n\n<p>Wir sind:<\/p>\n\n\n\n<figure class=\"wp-block-image size-large\"><img loading=\"lazy\" decoding=\"async\" width=\"1024\" height=\"649\" src=\"https:\/\/gsoffenhausen.schule.neu-ulm.de\/wp-content\/uploads\/2025\/11\/2025-1024x649.jpg\" alt=\"\" class=\"wp-image-6445\" srcset=\"https:\/\/gsoffenhausen.schule.neu-ulm.de\/wp-content\/uploads\/2025\/11\/2025-1024x649.jpg 1024w, https:\/\/gsoffenhausen.schule.neu-ulm.de\/wp-content\/uploads\/2025\/11\/2025-300x190.jpg 300w, https:\/\/gsoffenhausen.schule.neu-ulm.de\/wp-content\/uploads\/2025\/11\/2025-768x487.jpg 768w, https:\/\/gsoffenhausen.schule.neu-ulm.de\/wp-content\/uploads\/2025\/11\/2025.jpg 1076w\" sizes=\"auto, (max-width: 1024px) 100vw, 1024px\" \/><\/figure>\n\n\n\n<p>Margarete Betz (Vorsitzende), Sabine S\u00f6lter (Interimsvorsitzende), Christian Neumann (Stellvertreter), Simone Micheler, Nicole Limberger, Severin Heyd, Julia Giebeler, G\u00fclten Schilling, Vanessa Baur, Ferdinand Fegert<\/p>\n\n\n\n<h3 class=\"wp-block-heading\">Unsere Aktionen:<\/h3>\n\n\n<div class=\"display-posts-listing grid\"><div class=\"listing-item\"><a class=\"image\" href=\"https:\/\/gsoffenhausen.schule.neu-ulm.de\/?p=6466\"><img loading=\"lazy\" decoding=\"async\" width=\"225\" height=\"300\" src=\"https:\/\/gsoffenhausen.schule.neu-ulm.de\/wp-content\/uploads\/2025\/12\/Clipboard_12-09-2025_01-225x300.jpg\" class=\"attachment-medium size-medium wp-post-image\" alt=\"\" srcset=\"https:\/\/gsoffenhausen.schule.neu-ulm.de\/wp-content\/uploads\/2025\/12\/Clipboard_12-09-2025_01-225x300.jpg 225w, https:\/\/gsoffenhausen.schule.neu-ulm.de\/wp-content\/uploads\/2025\/12\/Clipboard_12-09-2025_01-768x1024.jpg 768w, https:\/\/gsoffenhausen.schule.neu-ulm.de\/wp-content\/uploads\/2025\/12\/Clipboard_12-09-2025_01-1152x1536.jpg 1152w, https:\/\/gsoffenhausen.schule.neu-ulm.de\/wp-content\/uploads\/2025\/12\/Clipboard_12-09-2025_01-1536x2048.jpg 1536w, https:\/\/gsoffenhausen.schule.neu-ulm.de\/wp-content\/uploads\/2025\/12\/Clipboard_12-09-2025_01-1600x2133.jpg 1600w, https:\/\/gsoffenhausen.schule.neu-ulm.de\/wp-content\/uploads\/2025\/12\/Clipboard_12-09-2025_01-scaled.jpg 1920w\" sizes=\"auto, (max-width: 225px) 100vw, 225px\" \/><\/a> <a class=\"title\" href=\"https:\/\/gsoffenhausen.schule.neu-ulm.de\/?p=6466\">Nikolausaktion 2025<\/a><\/div><div class=\"listing-item\"><a class=\"image\" href=\"https:\/\/gsoffenhausen.schule.neu-ulm.de\/?p=6471\"><img loading=\"lazy\" decoding=\"async\" width=\"300\" height=\"225\" src=\"https:\/\/gsoffenhausen.schule.neu-ulm.de\/wp-content\/uploads\/2025\/12\/01-1-300x225.jpg\" class=\"attachment-medium size-medium wp-post-image\" alt=\"\" srcset=\"https:\/\/gsoffenhausen.schule.neu-ulm.de\/wp-content\/uploads\/2025\/12\/01-1-300x225.jpg 300w, https:\/\/gsoffenhausen.schule.neu-ulm.de\/wp-content\/uploads\/2025\/12\/01-1-1024x768.jpg 1024w, https:\/\/gsoffenhausen.schule.neu-ulm.de\/wp-content\/uploads\/2025\/12\/01-1-768x576.jpg 768w, https:\/\/gsoffenhausen.schule.neu-ulm.de\/wp-content\/uploads\/2025\/12\/01-1-1536x1153.jpg 1536w, https:\/\/gsoffenhausen.schule.neu-ulm.de\/wp-content\/uploads\/2025\/12\/01-1-2048x1537.jpg 2048w, https:\/\/gsoffenhausen.schule.neu-ulm.de\/wp-content\/uploads\/2025\/12\/01-1-1600x1201.jpg 1600w\" sizes=\"auto, (max-width: 300px) 100vw, 300px\" \/><\/a> <a class=\"title\" href=\"https:\/\/gsoffenhausen.schule.neu-ulm.de\/?p=6471\">\u00d6kumenischer Adventsbazar 2025 in der Erl\u00f6serkirche Offenhausen<\/a><\/div><div class=\"listing-item\"><a class=\"image\" href=\"https:\/\/gsoffenhausen.schule.neu-ulm.de\/?p=5143\"><img loading=\"lazy\" decoding=\"async\" width=\"300\" height=\"169\" src=\"https:\/\/gsoffenhausen.schule.neu-ulm.de\/wp-content\/uploads\/2023\/04\/01-300x169.jpg\" class=\"attachment-medium size-medium wp-post-image\" alt=\"\" srcset=\"https:\/\/gsoffenhausen.schule.neu-ulm.de\/wp-content\/uploads\/2023\/04\/01-300x169.jpg 300w, https:\/\/gsoffenhausen.schule.neu-ulm.de\/wp-content\/uploads\/2023\/04\/01-1024x576.jpg 1024w, https:\/\/gsoffenhausen.schule.neu-ulm.de\/wp-content\/uploads\/2023\/04\/01-768x432.jpg 768w, https:\/\/gsoffenhausen.schule.neu-ulm.de\/wp-content\/uploads\/2023\/04\/01-1536x864.jpg 1536w, https:\/\/gsoffenhausen.schule.neu-ulm.de\/wp-content\/uploads\/2023\/04\/01-2048x1152.jpg 2048w, https:\/\/gsoffenhausen.schule.neu-ulm.de\/wp-content\/uploads\/2023\/04\/01-1600x900.jpg 1600w\" sizes=\"auto, (max-width: 300px) 100vw, 300px\" \/><\/a> <a class=\"title\" href=\"https:\/\/gsoffenhausen.schule.neu-ulm.de\/?p=5143\"><strong>Flohmarkt<\/strong><\/a><\/div><div class=\"listing-item\"><a class=\"image\" href=\"https:\/\/gsoffenhausen.schule.neu-ulm.de\/?p=4998\"><img loading=\"lazy\" decoding=\"async\" width=\"300\" height=\"225\" src=\"https:\/\/gsoffenhausen.schule.neu-ulm.de\/wp-content\/uploads\/2022\/12\/05-300x225.jpg\" class=\"attachment-medium size-medium wp-post-image\" alt=\"\" srcset=\"https:\/\/gsoffenhausen.schule.neu-ulm.de\/wp-content\/uploads\/2022\/12\/05-300x225.jpg 300w, https:\/\/gsoffenhausen.schule.neu-ulm.de\/wp-content\/uploads\/2022\/12\/05-1024x769.jpg 1024w, https:\/\/gsoffenhausen.schule.neu-ulm.de\/wp-content\/uploads\/2022\/12\/05-768x577.jpg 768w, https:\/\/gsoffenhausen.schule.neu-ulm.de\/wp-content\/uploads\/2022\/12\/05-1536x1153.jpg 1536w, https:\/\/gsoffenhausen.schule.neu-ulm.de\/wp-content\/uploads\/2022\/12\/05-2048x1538.jpg 2048w, https:\/\/gsoffenhausen.schule.neu-ulm.de\/wp-content\/uploads\/2022\/12\/05-1600x1201.jpg 1600w\" sizes=\"auto, (max-width: 300px) 100vw, 300px\" \/><\/a> <a class=\"title\" href=\"https:\/\/gsoffenhausen.schule.neu-ulm.de\/?p=4998\">Adventsbasar<\/a><\/div><div class=\"listing-item\"><a class=\"image\" href=\"https:\/\/gsoffenhausen.schule.neu-ulm.de\/?p=4403\"><img loading=\"lazy\" decoding=\"async\" width=\"222\" height=\"300\" src=\"https:\/\/gsoffenhausen.schule.neu-ulm.de\/wp-content\/uploads\/2021\/12\/03-1-222x300.jpg\" class=\"attachment-medium size-medium wp-post-image\" alt=\"\" srcset=\"https:\/\/gsoffenhausen.schule.neu-ulm.de\/wp-content\/uploads\/2021\/12\/03-1-222x300.jpg 222w, https:\/\/gsoffenhausen.schule.neu-ulm.de\/wp-content\/uploads\/2021\/12\/03-1.jpg 610w\" sizes=\"auto, (max-width: 222px) 100vw, 222px\" \/><\/a> <a class=\"title\" href=\"https:\/\/gsoffenhausen.schule.neu-ulm.de\/?p=4403\">Nikolaus-Kino<\/a><\/div><div class=\"listing-item\"><a class=\"image\" href=\"https:\/\/gsoffenhausen.schule.neu-ulm.de\/?p=4341\"><img loading=\"lazy\" decoding=\"async\" width=\"300\" height=\"169\" src=\"https:\/\/gsoffenhausen.schule.neu-ulm.de\/wp-content\/uploads\/2021\/11\/02-300x169.jpg\" class=\"attachment-medium size-medium wp-post-image\" alt=\"\" srcset=\"https:\/\/gsoffenhausen.schule.neu-ulm.de\/wp-content\/uploads\/2021\/11\/02-300x169.jpg 300w, https:\/\/gsoffenhausen.schule.neu-ulm.de\/wp-content\/uploads\/2021\/11\/02.jpg 309w\" sizes=\"auto, (max-width: 300px) 100vw, 300px\" \/><\/a> <a class=\"title\" href=\"https:\/\/gsoffenhausen.schule.neu-ulm.de\/?p=4341\">Weihnachtsp\u00e4ckchenkonvoi 2021<\/a><\/div><div class=\"listing-item\"><a class=\"image\" href=\"https:\/\/gsoffenhausen.schule.neu-ulm.de\/?p=2901\"><img loading=\"lazy\" decoding=\"async\" width=\"300\" height=\"225\" src=\"https:\/\/gsoffenhausen.schule.neu-ulm.de\/wp-content\/uploads\/2019\/11\/weihnachtspaeckchenkonvoi-geschenke-1-300x225.jpg\" class=\"attachment-medium size-medium wp-post-image\" alt=\"\" srcset=\"https:\/\/gsoffenhausen.schule.neu-ulm.de\/wp-content\/uploads\/2019\/11\/weihnachtspaeckchenkonvoi-geschenke-1-300x225.jpg 300w, https:\/\/gsoffenhausen.schule.neu-ulm.de\/wp-content\/uploads\/2019\/11\/weihnachtspaeckchenkonvoi-geschenke-1-768x576.jpg 768w, https:\/\/gsoffenhausen.schule.neu-ulm.de\/wp-content\/uploads\/2019\/11\/weihnachtspaeckchenkonvoi-geschenke-1-1024x768.jpg 1024w, https:\/\/gsoffenhausen.schule.neu-ulm.de\/wp-content\/uploads\/2019\/11\/weihnachtspaeckchenkonvoi-geschenke-1.jpg 1600w\" sizes=\"auto, (max-width: 300px) 100vw, 300px\" \/><\/a> <a class=\"title\" href=\"https:\/\/gsoffenhausen.schule.neu-ulm.de\/?p=2901\">Weihnachtsp\u00e4ckchenkonvoi 2020<\/a><\/div><div class=\"listing-item\"><a class=\"image\" href=\"https:\/\/gsoffenhausen.schule.neu-ulm.de\/?p=560\"><img loading=\"lazy\" decoding=\"async\" width=\"300\" height=\"169\" src=\"https:\/\/gsoffenhausen.schule.neu-ulm.de\/wp-content\/uploads\/2020\/01\/IMG_20200125_160358-kl-pano-300x169.jpg\" class=\"attachment-medium size-medium wp-post-image\" alt=\"\" srcset=\"https:\/\/gsoffenhausen.schule.neu-ulm.de\/wp-content\/uploads\/2020\/01\/IMG_20200125_160358-kl-pano-300x169.jpg 300w, https:\/\/gsoffenhausen.schule.neu-ulm.de\/wp-content\/uploads\/2020\/01\/IMG_20200125_160358-kl-pano-768x432.jpg 768w, https:\/\/gsoffenhausen.schule.neu-ulm.de\/wp-content\/uploads\/2020\/01\/IMG_20200125_160358-kl-pano-1024x576.jpg 1024w, https:\/\/gsoffenhausen.schule.neu-ulm.de\/wp-content\/uploads\/2020\/01\/IMG_20200125_160358-kl-pano-1600x900.jpg 1600w, https:\/\/gsoffenhausen.schule.neu-ulm.de\/wp-content\/uploads\/2020\/01\/IMG_20200125_160358-kl-pano.jpg 2000w\" sizes=\"auto, (max-width: 300px) 100vw, 300px\" \/><\/a> <a class=\"title\" href=\"https:\/\/gsoffenhausen.schule.neu-ulm.de\/?p=560\">Schatzfund bei der Neujahrsschnitzeljagd<\/a><\/div><div class=\"listing-item\"><a class=\"image\" href=\"https:\/\/gsoffenhausen.schule.neu-ulm.de\/?p=206\"><img loading=\"lazy\" decoding=\"async\" width=\"300\" height=\"200\" src=\"https:\/\/gsoffenhausen.schule.neu-ulm.de\/wp-content\/uploads\/2019\/11\/schneemann-300x200.jpg\" class=\"attachment-medium size-medium wp-post-image\" alt=\"\" srcset=\"https:\/\/gsoffenhausen.schule.neu-ulm.de\/wp-content\/uploads\/2019\/11\/schneemann-300x200.jpg 300w, https:\/\/gsoffenhausen.schule.neu-ulm.de\/wp-content\/uploads\/2019\/11\/schneemann-768x512.jpg 768w, https:\/\/gsoffenhausen.schule.neu-ulm.de\/wp-content\/uploads\/2019\/11\/schneemann-1024x683.jpg 1024w, https:\/\/gsoffenhausen.schule.neu-ulm.de\/wp-content\/uploads\/2019\/11\/schneemann-1600x1067.jpg 1600w, https:\/\/gsoffenhausen.schule.neu-ulm.de\/wp-content\/uploads\/2019\/11\/schneemann.jpg 1900w\" sizes=\"auto, (max-width: 300px) 100vw, 300px\" \/><\/a> <a class=\"title\" href=\"https:\/\/gsoffenhausen.schule.neu-ulm.de\/?p=206\">Neujahrsschnitzeljagd in der Friedrichsau<\/a><\/div><div class=\"listing-item\"><a class=\"image\" href=\"https:\/\/gsoffenhausen.schule.neu-ulm.de\/?p=163\"><img loading=\"lazy\" decoding=\"async\" width=\"300\" height=\"225\" src=\"https:\/\/gsoffenhausen.schule.neu-ulm.de\/wp-content\/uploads\/2019\/11\/nikolausaktion-300x225.jpg\" class=\"attachment-medium size-medium wp-post-image\" alt=\"\" srcset=\"https:\/\/gsoffenhausen.schule.neu-ulm.de\/wp-content\/uploads\/2019\/11\/nikolausaktion-300x225.jpg 300w, https:\/\/gsoffenhausen.schule.neu-ulm.de\/wp-content\/uploads\/2019\/11\/nikolausaktion-768x576.jpg 768w, https:\/\/gsoffenhausen.schule.neu-ulm.de\/wp-content\/uploads\/2019\/11\/nikolausaktion.jpg 800w\" sizes=\"auto, (max-width: 300px) 100vw, 300px\" \/><\/a> <a class=\"title\" href=\"https:\/\/gsoffenhausen.schule.neu-ulm.de\/?p=163\">Nikolausaktion<\/a><\/div><div class=\"listing-item\"><a class=\"image\" href=\"https:\/\/gsoffenhausen.schule.neu-ulm.de\/?p=155\"><img loading=\"lazy\" decoding=\"async\" width=\"300\" height=\"225\" src=\"https:\/\/gsoffenhausen.schule.neu-ulm.de\/wp-content\/uploads\/2019\/11\/weihnachtspaeckchenkonvoi-geschenke-1-300x225.jpg\" class=\"attachment-medium size-medium wp-post-image\" alt=\"\" srcset=\"https:\/\/gsoffenhausen.schule.neu-ulm.de\/wp-content\/uploads\/2019\/11\/weihnachtspaeckchenkonvoi-geschenke-1-300x225.jpg 300w, https:\/\/gsoffenhausen.schule.neu-ulm.de\/wp-content\/uploads\/2019\/11\/weihnachtspaeckchenkonvoi-geschenke-1-768x576.jpg 768w, https:\/\/gsoffenhausen.schule.neu-ulm.de\/wp-content\/uploads\/2019\/11\/weihnachtspaeckchenkonvoi-geschenke-1-1024x768.jpg 1024w, https:\/\/gsoffenhausen.schule.neu-ulm.de\/wp-content\/uploads\/2019\/11\/weihnachtspaeckchenkonvoi-geschenke-1.jpg 1600w\" sizes=\"auto, (max-width: 300px) 100vw, 300px\" \/><\/a> <a class=\"title\" href=\"https:\/\/gsoffenhausen.schule.neu-ulm.de\/?p=155\">Aktion Weihnachtsp\u00e4ckchenkonvoi: Unsere P\u00e4ckchen<\/a><\/div><div class=\"listing-item\"><a class=\"image\" href=\"https:\/\/gsoffenhausen.schule.neu-ulm.de\/?p=75\"><img loading=\"lazy\" decoding=\"async\" width=\"300\" height=\"200\" src=\"https:\/\/gsoffenhausen.schule.neu-ulm.de\/wp-content\/uploads\/2019\/11\/xmaspaeckchen-300x200.jpg\" class=\"attachment-medium size-medium wp-post-image\" alt=\"\" srcset=\"https:\/\/gsoffenhausen.schule.neu-ulm.de\/wp-content\/uploads\/2019\/11\/xmaspaeckchen-300x200.jpg 300w, https:\/\/gsoffenhausen.schule.neu-ulm.de\/wp-content\/uploads\/2019\/11\/xmaspaeckchen-768x513.jpg 768w, https:\/\/gsoffenhausen.schule.neu-ulm.de\/wp-content\/uploads\/2019\/11\/xmaspaeckchen.jpg 800w\" sizes=\"auto, (max-width: 300px) 100vw, 300px\" \/><\/a> <a class=\"title\" href=\"https:\/\/gsoffenhausen.schule.neu-ulm.de\/?p=75\">Aktion Weihnachtsp\u00e4ckchenkonvoi<\/a><\/div><\/div>\n\n\n\n<div style=\"height:30px\" aria-hidden=\"true\" class=\"wp-block-spacer\"><\/div>\n\n\n\n<hr class=\"wp-block-separator has-css-opacity is-style-wide\"\/>\n\n\n\n<div style=\"height:30px\" aria-hidden=\"true\" class=\"wp-block-spacer\"><\/div>\n\n\n\n<p><\/p>\n\n\n\n<p>Hier finden Sie den <a rel=\"noreferrer noopener\" href=\"https:\/\/gesamtelternbeiratnu.wordpress.com\/\" target=\"_blank\" data-type=\"URL\" data-id=\"https:\/\/gesamtelternbeiratnu.wordpress.com\/\">Gesamtelternbeirat Neu-Ulm: www.gesamtelternbeiratnu.wordpress.com<\/a><\/p>\n\n\n\n<figure class=\"wp-block-image size-large\"><img loading=\"lazy\" decoding=\"async\" width=\"500\" height=\"500\" src=\"https:\/\/gsoffenhausen.schule.neu-ulm.de\/wp-content\/uploads\/2021\/12\/Logo.png\" alt=\"\" class=\"wp-image-4379\" srcset=\"https:\/\/gsoffenhausen.schule.neu-ulm.de\/wp-content\/uploads\/2021\/12\/Logo.png 500w, https:\/\/gsoffenhausen.schule.neu-ulm.de\/wp-content\/uploads\/2021\/12\/Logo-300x300.png 300w, https:\/\/gsoffenhausen.schule.neu-ulm.de\/wp-content\/uploads\/2021\/12\/Logo-150x150.png 150w\" sizes=\"auto, (max-width: 500px) 100vw, 500px\" \/><\/figure>\n","protected":false},"excerpt":{"rendered":"<p>Liebe Eltern, wir freuen uns Euch die n\u00e4chsten zwei Jahre als Elternbeirat zur Verf\u00fcgung zu stehen. Mit Euch zusammen m\u00f6chten&hellip;<\/p>\n","protected":false},"author":2,"featured_media":0,"parent":0,"menu_order":0,"comment_status":"closed","ping_status":"closed","template":"","meta":{"footnotes":""},"class_list":["post-65","page","type-page","status-publish","hentry"],"_links":{"self":[{"href":"https:\/\/gsoffenhausen.schule.neu-ulm.de\/index.php?rest_route=\/wp\/v2\/pages\/65","targetHints":{"allow":["GET"]}}],"collection":[{"href":"https:\/\/gsoffenhausen.schule.neu-ulm.de\/index.php?rest_route=\/wp\/v2\/pages"}],"about":[{"href":"https:\/\/gsoffenhausen.schule.neu-ulm.de\/index.php?rest_route=\/wp\/v2\/types\/page"}],"author":[{"embeddable":true,"href":"https:\/\/gsoffenhausen.schule.neu-ulm.de\/index.php?rest_route=\/wp\/v2\/users\/2"}],"replies":[{"embeddable":true,"href":"https:\/\/gsoffenhausen.schule.neu-ulm.de\/index.php?rest_route=%2Fwp%2Fv2%2Fcomments&post=65"}],"version-history":[{"count":34,"href":"https:\/\/gsoffenhausen.schule.neu-ulm.de\/index.php?rest_route=\/wp\/v2\/pages\/65\/revisions"}],"predecessor-version":[{"id":6470,"href":"https:\/\/gsoffenhausen.schule.neu-ulm.de\/index.php?rest_route=\/wp\/v2\/pages\/65\/revisions\/6470"}],"wp:attachment":[{"href":"https:\/\/gsoffenhausen.schule.neu-ulm.de\/index.php?rest_route=%2Fwp%2Fv2%2Fmedia&parent=65"}],"curies":[{"name":"wp","href":"https:\/\/api.w.org\/{rel}","templated":true}]}}