{"id":822,"date":"2020-03-19T07:02:53","date_gmt":"2020-03-19T07:02:53","guid":{"rendered":"https:\/\/www.gsoffenhausen.schule.neu-ulm.de\/?page_id=822"},"modified":"2020-03-19T07:05:55","modified_gmt":"2020-03-19T07:05:55","slug":"kooperationspartner-und-beratungsstellen-2","status":"publish","type":"page","link":"https:\/\/gsoffenhausen.schule.neu-ulm.de\/?page_id=822","title":{"rendered":"Kooperationspartner und Beratungsstellen"},"content":{"rendered":"\n<p>\u00dcber das Men\u00fc finden Sie hier Information zur St\u00e4dtischen Mittagsbetreuung, der Schulberatung, dem MSD, der Schulsozialp\u00e4dagogik an unserer Schule sowie Ansprechpartner bei Sch\u00fclern mit Depression und Angstst\u00f6rungen.<\/p>\n","protected":false},"excerpt":{"rendered":"<p>\u00dcber das Men\u00fc finden Sie hier Information zur St\u00e4dtischen Mittagsbetreuung, der Schulberatung, dem MSD, der Schulsozialp\u00e4dagogik an unserer Schule sowie&hellip;<\/p>\n","protected":false},"author":1,"featured_media":0,"parent":0,"menu_order":0,"comment_status":"closed","ping_status":"closed","template":"","meta":{"footnotes":""},"class_list":["post-822","page","type-page","status-publish","hentry"],"_links":{"self":[{"href":"https:\/\/gsoffenhausen.schule.neu-ulm.de\/index.php?rest_route=\/wp\/v2\/pages\/822","targetHints":{"allow":["GET"]}}],"collection":[{"href":"https:\/\/gsoffenhausen.schule.neu-ulm.de\/index.php?rest_route=\/wp\/v2\/pages"}],"about":[{"href":"https:\/\/gsoffenhausen.schule.neu-ulm.de\/index.php?rest_route=\/wp\/v2\/types\/page"}],"author":[{"embeddable":true,"href":"https:\/\/gsoffenhausen.schule.neu-ulm.de\/index.php?rest_route=\/wp\/v2\/users\/1"}],"replies":[{"embeddable":true,"href":"https:\/\/gsoffenhausen.schule.neu-ulm.de\/index.php?rest_route=%2Fwp%2Fv2%2Fcomments&post=822"}],"version-history":[{"count":2,"href":"https:\/\/gsoffenhausen.schule.neu-ulm.de\/index.php?rest_route=\/wp\/v2\/pages\/822\/revisions"}],"predecessor-version":[{"id":826,"href":"https:\/\/gsoffenhausen.schule.neu-ulm.de\/index.php?rest_route=\/wp\/v2\/pages\/822\/revisions\/826"}],"wp:attachment":[{"href":"https:\/\/gsoffenhausen.schule.neu-ulm.de\/index.php?rest_route=%2Fwp%2Fv2%2Fmedia&parent=822"}],"curies":[{"name":"wp","href":"https:\/\/api.w.org\/{rel}","templated":true}]}}