{"id":892,"date":"2020-03-24T10:20:20","date_gmt":"2020-03-24T10:20:20","guid":{"rendered":"https:\/\/www.gsoffenhausen.schule.neu-ulm.de\/?page_id=892"},"modified":"2022-04-19T12:16:19","modified_gmt":"2022-04-19T12:16:19","slug":"erklaervideos","status":"publish","type":"page","link":"https:\/\/gsoffenhausen.schule.neu-ulm.de\/?page_id=892","title":{"rendered":"Erkl\u00e4rvideos"},"content":{"rendered":"\n<p><\/p>\n\n\n\n<p>Ein wesentlicher Pfeiler unseres Distanzunterrichts war und ist der Einsatz von Erkl\u00e4rvideos. Diese werden von den Lehrkr\u00e4ften passgenau zum Unterricht produziert, auf der Homepage ver\u00f6ffentlicht und in die Wochenpl\u00e4ne eingebunden. Auch nach den Zeiten der Schulschlie\u00dfung werden diese Videos im Unterricht und von Sch\u00fclern und Eltern zu Hause eingesetzt. <\/p>\n\n\n\n<p>Neben den Videos der Lehrer entstehen auch immer mehr Videos von Kindern f\u00fcr Kinder.<\/p>\n\n\n\n<p>Erkl\u00e4rvideos sind Filme, in denen erl\u00e4utert wird, wie man etwas macht oder wie etwas funktioniert. Dieses Medium wollen wir nutzen, damit Kinder \u00fcber ein Erkl\u00e4rvideo anderen Kindern in einfacher Sprache oder in ihrer Muttersprache ausgew\u00e4hlte Unterrichtsinhalte erkl\u00e4ren.<\/p>\n\n\n\n<p>Ziel ist es komplexe Themen anschaulich zu vermitteln. W\u00e4hrend beim Lesen von Texten ca. 10% der Informationen gespeichert werden, bleiben bei Videos ca. 50% der Informationen im Kopf. Daf\u00fcr ist die audiovisuelle Veranlagung des Menschen verantwortlich: Lernende k\u00f6nnen Informationen besser aufnehmen, wenn die Inhalte gesehen und geh\u00f6rt werden. Wer jemanden etwas erkl\u00e4ren will, muss dies zuvor selber verstanden haben. Die Wahrscheinlichkeit des Behaltens steigt hier sogar auf 70%. Durch den Einbezug der verschiedenen Lernkan\u00e4le wird der Lernerfolg stark erh\u00f6ht.<\/p>\n\n\n\n<p>Erstellen Lernende Erkl\u00e4rvideos selbst, werden auch Kompetenzen gef\u00f6rdert, die \u00fcber den rein fachlichen Bereich herausgehen. Die Sch\u00fcler\/innen lernen, sich in Themen einzuarbeiten, diese zu strukturieren und didaktisch aufzubereiten. Zudem eignen sie sich technisches Wissen an, um die Videos zu realisieren.<\/p>\n\n\n\n<p>Die Unabh\u00e4ngigkeit von Ort\/Zeit, die Wiederholbarkeit und die Pausierm\u00f6glichkeit bieten viele Vorteile. So k\u00f6nnen sie als Vorbereitung, als Erkl\u00e4rung des Themas oder\u00a0 als Sicherung angesehen und mit anderen \u00dcbungen verbunden werden. Sie bieten zus\u00e4tzliche Hilfestellung bei den Hausaufgaben, in der Studierzeit oder als Differenzierung im Unterricht und zeigen interssierten Eltern Lernwege aus dem Unterricht auf.<\/p>\n\n\n\n<p>Hier finden Sie nach und nach immer mehr (im Moment fast 400) Erkl\u00e4rvideos zu unterschiedlichen F\u00e4chern und Themen (siehe <strong>Ausklapp-Men\u00fc <\/strong>auf der linken Seite), die von Lehrern und Sch\u00fclern der Grundschule Offenhausen erstellt wurden.<\/p>\n\n\n\n<figure class=\"wp-block-image size-large\"><img loading=\"lazy\" decoding=\"async\" width=\"815\" height=\"779\" src=\"https:\/\/gsoffenhausen.schule.neu-ulm.de\/wp-content\/uploads\/2022\/04\/Ausklappmenue.jpg\" alt=\"\" class=\"wp-image-4606\" srcset=\"https:\/\/gsoffenhausen.schule.neu-ulm.de\/wp-content\/uploads\/2022\/04\/Ausklappmenue.jpg 815w, https:\/\/gsoffenhausen.schule.neu-ulm.de\/wp-content\/uploads\/2022\/04\/Ausklappmenue-300x287.jpg 300w, https:\/\/gsoffenhausen.schule.neu-ulm.de\/wp-content\/uploads\/2022\/04\/Ausklappmenue-768x734.jpg 768w\" sizes=\"auto, (max-width: 815px) 100vw, 815px\" \/><\/figure>\n\n\n\n<p>Eine kurze Anleitung, wie Sie auf einem <strong>mobilen Endger\u00e4t<\/strong> an das Erkl\u00e4rvideo kommen, das Sie suchen:<\/p>\n\n\n\n<div class=\"wp-block-media-text alignwide is-stacked-on-mobile\" style=\"grid-template-columns:34% auto\"><figure class=\"wp-block-media-text__media\"><img loading=\"lazy\" decoding=\"async\" width=\"768\" height=\"1024\" src=\"https:\/\/gsoffenhausen.schule.neu-ulm.de\/wp-content\/uploads\/2020\/04\/01-1-768x1024.jpg\" alt=\"\" class=\"wp-image-1575\" srcset=\"https:\/\/gsoffenhausen.schule.neu-ulm.de\/wp-content\/uploads\/2020\/04\/01-1-768x1024.jpg 768w, https:\/\/gsoffenhausen.schule.neu-ulm.de\/wp-content\/uploads\/2020\/04\/01-1-225x300.jpg 225w, https:\/\/gsoffenhausen.schule.neu-ulm.de\/wp-content\/uploads\/2020\/04\/01-1-1152x1536.jpg 1152w, https:\/\/gsoffenhausen.schule.neu-ulm.de\/wp-content\/uploads\/2020\/04\/01-1-1536x2048.jpg 1536w, https:\/\/gsoffenhausen.schule.neu-ulm.de\/wp-content\/uploads\/2020\/04\/01-1-1600x2133.jpg 1600w, https:\/\/gsoffenhausen.schule.neu-ulm.de\/wp-content\/uploads\/2020\/04\/01-1-scaled.jpg 1920w\" sizes=\"auto, (max-width: 768px) 100vw, 768px\" \/><\/figure><div class=\"wp-block-media-text__content\">\n<p class=\"has-normal-font-size\">Sollten Sie unsere Homepage mit einem mobilen Endger\u00e4t (Handy, Tablet) ansehen, sieht die Startseite so aus.<\/p>\n\n\n\n<p>Bitte f\u00fchren Sie diese Anleitung im Hochformat aus!<\/p>\n<\/div><\/div>\n\n\n\n<div class=\"wp-block-media-text alignwide is-stacked-on-mobile\" style=\"grid-template-columns:34% auto\"><figure class=\"wp-block-media-text__media\"><img loading=\"lazy\" decoding=\"async\" width=\"768\" height=\"1024\" src=\"https:\/\/gsoffenhausen.schule.neu-ulm.de\/wp-content\/uploads\/2020\/04\/02-1-768x1024.jpg\" alt=\"\" class=\"wp-image-1576\" srcset=\"https:\/\/gsoffenhausen.schule.neu-ulm.de\/wp-content\/uploads\/2020\/04\/02-1-768x1024.jpg 768w, https:\/\/gsoffenhausen.schule.neu-ulm.de\/wp-content\/uploads\/2020\/04\/02-1-225x300.jpg 225w, https:\/\/gsoffenhausen.schule.neu-ulm.de\/wp-content\/uploads\/2020\/04\/02-1-1152x1536.jpg 1152w, https:\/\/gsoffenhausen.schule.neu-ulm.de\/wp-content\/uploads\/2020\/04\/02-1-1536x2048.jpg 1536w, https:\/\/gsoffenhausen.schule.neu-ulm.de\/wp-content\/uploads\/2020\/04\/02-1-1600x2133.jpg 1600w, https:\/\/gsoffenhausen.schule.neu-ulm.de\/wp-content\/uploads\/2020\/04\/02-1-scaled.jpg 1920w\" sizes=\"auto, (max-width: 768px) 100vw, 768px\" \/><\/figure><div class=\"wp-block-media-text__content\">\n<p class=\"has-normal-font-size\">\u00d6ffnen sie \u00fcber die drei Striche (Hamburger Men\u00fc) im rechten oberen Eck das Men\u00fc.<\/p>\n<\/div><\/div>\n\n\n\n<div class=\"wp-block-media-text alignwide is-stacked-on-mobile\" style=\"grid-template-columns:34% auto\"><figure class=\"wp-block-media-text__media\"><img loading=\"lazy\" decoding=\"async\" width=\"768\" height=\"1024\" src=\"https:\/\/gsoffenhausen.schule.neu-ulm.de\/wp-content\/uploads\/2020\/04\/03-768x1024.jpg\" alt=\"\" class=\"wp-image-1577\" srcset=\"https:\/\/gsoffenhausen.schule.neu-ulm.de\/wp-content\/uploads\/2020\/04\/03-768x1024.jpg 768w, https:\/\/gsoffenhausen.schule.neu-ulm.de\/wp-content\/uploads\/2020\/04\/03-225x300.jpg 225w, https:\/\/gsoffenhausen.schule.neu-ulm.de\/wp-content\/uploads\/2020\/04\/03-1152x1536.jpg 1152w, https:\/\/gsoffenhausen.schule.neu-ulm.de\/wp-content\/uploads\/2020\/04\/03-1536x2048.jpg 1536w, https:\/\/gsoffenhausen.schule.neu-ulm.de\/wp-content\/uploads\/2020\/04\/03-1600x2133.jpg 1600w, https:\/\/gsoffenhausen.schule.neu-ulm.de\/wp-content\/uploads\/2020\/04\/03-scaled.jpg 1920w\" sizes=\"auto, (max-width: 768px) 100vw, 768px\" \/><\/figure><div class=\"wp-block-media-text__content\">\n<p class=\"has-normal-font-size\">So sieht das Men\u00fc dann aus.<\/p>\n<\/div><\/div>\n\n\n\n<div class=\"wp-block-media-text alignwide is-stacked-on-mobile\" style=\"grid-template-columns:34% auto\"><figure class=\"wp-block-media-text__media\"><img loading=\"lazy\" decoding=\"async\" width=\"768\" height=\"1024\" src=\"https:\/\/gsoffenhausen.schule.neu-ulm.de\/wp-content\/uploads\/2020\/04\/04-768x1024.jpg\" alt=\"\" class=\"wp-image-1578\" srcset=\"https:\/\/gsoffenhausen.schule.neu-ulm.de\/wp-content\/uploads\/2020\/04\/04-768x1024.jpg 768w, https:\/\/gsoffenhausen.schule.neu-ulm.de\/wp-content\/uploads\/2020\/04\/04-225x300.jpg 225w, https:\/\/gsoffenhausen.schule.neu-ulm.de\/wp-content\/uploads\/2020\/04\/04-1152x1536.jpg 1152w, https:\/\/gsoffenhausen.schule.neu-ulm.de\/wp-content\/uploads\/2020\/04\/04-1536x2048.jpg 1536w, https:\/\/gsoffenhausen.schule.neu-ulm.de\/wp-content\/uploads\/2020\/04\/04-1600x2133.jpg 1600w, https:\/\/gsoffenhausen.schule.neu-ulm.de\/wp-content\/uploads\/2020\/04\/04-scaled.jpg 1920w\" sizes=\"auto, (max-width: 768px) 100vw, 768px\" \/><\/figure><div class=\"wp-block-media-text__content\">\n<p class=\"has-normal-font-size\">W\u00e4hlen Sie den passenden Men\u00fcpunkt, z.B. &#8222;Erkl\u00e4rvideos&#8220;. Wenn der Men\u00fcpunkt ein Untermen\u00fc hat, sehen sie am rechten Bildschrimrand ein kleines &#8222;+&#8220;. Dr\u00fccken sie auf das &#8222;+&#8220; um das Untermen\u00fc zu \u00f6ffnen.<\/p>\n<\/div><\/div>\n\n\n\n<div class=\"wp-block-media-text alignwide is-stacked-on-mobile\" style=\"grid-template-columns:34% auto\"><figure class=\"wp-block-media-text__media\"><img loading=\"lazy\" decoding=\"async\" width=\"768\" height=\"1024\" src=\"https:\/\/gsoffenhausen.schule.neu-ulm.de\/wp-content\/uploads\/2020\/04\/05-768x1024.jpg\" alt=\"\" class=\"wp-image-1579\" srcset=\"https:\/\/gsoffenhausen.schule.neu-ulm.de\/wp-content\/uploads\/2020\/04\/05-768x1024.jpg 768w, https:\/\/gsoffenhausen.schule.neu-ulm.de\/wp-content\/uploads\/2020\/04\/05-225x300.jpg 225w, https:\/\/gsoffenhausen.schule.neu-ulm.de\/wp-content\/uploads\/2020\/04\/05-1152x1536.jpg 1152w, https:\/\/gsoffenhausen.schule.neu-ulm.de\/wp-content\/uploads\/2020\/04\/05-1536x2048.jpg 1536w, https:\/\/gsoffenhausen.schule.neu-ulm.de\/wp-content\/uploads\/2020\/04\/05-1600x2133.jpg 1600w, https:\/\/gsoffenhausen.schule.neu-ulm.de\/wp-content\/uploads\/2020\/04\/05-scaled.jpg 1920w\" sizes=\"auto, (max-width: 768px) 100vw, 768px\" \/><\/figure><div class=\"wp-block-media-text__content\">\n<p class=\"has-normal-font-size\">Das Untermen\u00fc erscheint. Hier sehen sie z.B. die F\u00e4cher, zu denen es Erkl\u00e4rvideos gibt.<\/p>\n<\/div><\/div>\n\n\n\n<div class=\"wp-block-media-text alignwide is-stacked-on-mobile\" style=\"grid-template-columns:34% auto\"><figure class=\"wp-block-media-text__media\"><img loading=\"lazy\" decoding=\"async\" width=\"768\" height=\"1024\" src=\"https:\/\/gsoffenhausen.schule.neu-ulm.de\/wp-content\/uploads\/2020\/04\/06-1-768x1024.jpg\" alt=\"\" class=\"wp-image-1580\" srcset=\"https:\/\/gsoffenhausen.schule.neu-ulm.de\/wp-content\/uploads\/2020\/04\/06-1-768x1024.jpg 768w, https:\/\/gsoffenhausen.schule.neu-ulm.de\/wp-content\/uploads\/2020\/04\/06-1-225x300.jpg 225w, https:\/\/gsoffenhausen.schule.neu-ulm.de\/wp-content\/uploads\/2020\/04\/06-1-1152x1536.jpg 1152w, https:\/\/gsoffenhausen.schule.neu-ulm.de\/wp-content\/uploads\/2020\/04\/06-1-1536x2048.jpg 1536w, https:\/\/gsoffenhausen.schule.neu-ulm.de\/wp-content\/uploads\/2020\/04\/06-1-1600x2133.jpg 1600w, https:\/\/gsoffenhausen.schule.neu-ulm.de\/wp-content\/uploads\/2020\/04\/06-1-scaled.jpg 1920w\" sizes=\"auto, (max-width: 768px) 100vw, 768px\" \/><\/figure><div class=\"wp-block-media-text__content\">\n<p class=\"has-normal-font-size\">Sollte es zu dem Fach, das Sie aussuchen weitere Untermen\u00fcs geben, w\u00e4hlen Sie bitte erneut das &#8222;+&#8220; am rechten Bildschirmrand. Hier gibt es z.B. zum Fach &#8222;Deutsch&#8220; ein weiteres Untermen\u00fc.<\/p>\n<\/div><\/div>\n\n\n\n<div class=\"wp-block-media-text alignwide is-stacked-on-mobile\" style=\"grid-template-columns:34% auto\"><figure class=\"wp-block-media-text__media\"><img loading=\"lazy\" decoding=\"async\" width=\"768\" height=\"1024\" src=\"https:\/\/gsoffenhausen.schule.neu-ulm.de\/wp-content\/uploads\/2020\/04\/07-1-768x1024.jpg\" alt=\"\" class=\"wp-image-1581\" srcset=\"https:\/\/gsoffenhausen.schule.neu-ulm.de\/wp-content\/uploads\/2020\/04\/07-1-768x1024.jpg 768w, https:\/\/gsoffenhausen.schule.neu-ulm.de\/wp-content\/uploads\/2020\/04\/07-1-225x300.jpg 225w, https:\/\/gsoffenhausen.schule.neu-ulm.de\/wp-content\/uploads\/2020\/04\/07-1-1152x1536.jpg 1152w, https:\/\/gsoffenhausen.schule.neu-ulm.de\/wp-content\/uploads\/2020\/04\/07-1-1536x2048.jpg 1536w, https:\/\/gsoffenhausen.schule.neu-ulm.de\/wp-content\/uploads\/2020\/04\/07-1-1600x2133.jpg 1600w, https:\/\/gsoffenhausen.schule.neu-ulm.de\/wp-content\/uploads\/2020\/04\/07-1-scaled.jpg 1920w\" sizes=\"auto, (max-width: 768px) 100vw, 768px\" \/><\/figure><div class=\"wp-block-media-text__content\">\n<p class=\"has-normal-font-size\">Das Untermen\u00fc zu dem von Ihnen gew\u00e4hlten Fach \u00f6ffnet sich.<\/p>\n<\/div><\/div>\n\n\n\n<div class=\"wp-block-media-text alignwide is-stacked-on-mobile\" style=\"grid-template-columns:34% auto\"><figure class=\"wp-block-media-text__media\"><img loading=\"lazy\" decoding=\"async\" width=\"768\" height=\"1024\" src=\"https:\/\/gsoffenhausen.schule.neu-ulm.de\/wp-content\/uploads\/2020\/04\/08-768x1024.jpg\" alt=\"\" class=\"wp-image-1582\" srcset=\"https:\/\/gsoffenhausen.schule.neu-ulm.de\/wp-content\/uploads\/2020\/04\/08-768x1024.jpg 768w, https:\/\/gsoffenhausen.schule.neu-ulm.de\/wp-content\/uploads\/2020\/04\/08-225x300.jpg 225w, https:\/\/gsoffenhausen.schule.neu-ulm.de\/wp-content\/uploads\/2020\/04\/08-1152x1536.jpg 1152w, https:\/\/gsoffenhausen.schule.neu-ulm.de\/wp-content\/uploads\/2020\/04\/08-1536x2048.jpg 1536w, https:\/\/gsoffenhausen.schule.neu-ulm.de\/wp-content\/uploads\/2020\/04\/08-1600x2133.jpg 1600w, https:\/\/gsoffenhausen.schule.neu-ulm.de\/wp-content\/uploads\/2020\/04\/08-scaled.jpg 1920w\" sizes=\"auto, (max-width: 768px) 100vw, 768px\" \/><\/figure><div class=\"wp-block-media-text__content\">\n<p class=\"has-normal-font-size\">W\u00e4hlen Sie nun den konkreten Bereich, zu dem Sie ein Erkl\u00e4rvideo sehen wollen, z.B. &#8222;Schreibwerkstatt&#8220;. <\/p>\n<\/div><\/div>\n\n\n\n<div class=\"wp-block-media-text alignwide is-stacked-on-mobile\" style=\"grid-template-columns:34% auto\"><figure class=\"wp-block-media-text__media\"><img loading=\"lazy\" decoding=\"async\" width=\"768\" height=\"1024\" src=\"https:\/\/gsoffenhausen.schule.neu-ulm.de\/wp-content\/uploads\/2020\/04\/09b-768x1024.jpg\" alt=\"\" class=\"wp-image-1584\" srcset=\"https:\/\/gsoffenhausen.schule.neu-ulm.de\/wp-content\/uploads\/2020\/04\/09b-768x1024.jpg 768w, https:\/\/gsoffenhausen.schule.neu-ulm.de\/wp-content\/uploads\/2020\/04\/09b-225x300.jpg 225w, https:\/\/gsoffenhausen.schule.neu-ulm.de\/wp-content\/uploads\/2020\/04\/09b-1152x1536.jpg 1152w, https:\/\/gsoffenhausen.schule.neu-ulm.de\/wp-content\/uploads\/2020\/04\/09b-1536x2048.jpg 1536w, https:\/\/gsoffenhausen.schule.neu-ulm.de\/wp-content\/uploads\/2020\/04\/09b-1600x2133.jpg 1600w, https:\/\/gsoffenhausen.schule.neu-ulm.de\/wp-content\/uploads\/2020\/04\/09b-scaled.jpg 1920w\" sizes=\"auto, (max-width: 768px) 100vw, 768px\" \/><\/figure><div class=\"wp-block-media-text__content\">\n<p class=\"has-normal-font-size\">Wenn Sie das erste Mal \u00fcber unsere Homepage ein Erkl\u00e4rvideo ansehen, m\u00fcssen sie YouTube akzeptieren. Dr\u00fccken Sie daf\u00fcr auf den roten Kasten.<\/p>\n<\/div><\/div>\n\n\n\n<div class=\"wp-block-media-text alignwide is-stacked-on-mobile\" style=\"grid-template-columns:34% auto\"><figure class=\"wp-block-media-text__media\"><img loading=\"lazy\" decoding=\"async\" width=\"768\" height=\"1024\" src=\"https:\/\/gsoffenhausen.schule.neu-ulm.de\/wp-content\/uploads\/2020\/04\/09-768x1024.jpg\" alt=\"\" class=\"wp-image-1583\" srcset=\"https:\/\/gsoffenhausen.schule.neu-ulm.de\/wp-content\/uploads\/2020\/04\/09-768x1024.jpg 768w, https:\/\/gsoffenhausen.schule.neu-ulm.de\/wp-content\/uploads\/2020\/04\/09-225x300.jpg 225w, https:\/\/gsoffenhausen.schule.neu-ulm.de\/wp-content\/uploads\/2020\/04\/09-1152x1536.jpg 1152w, https:\/\/gsoffenhausen.schule.neu-ulm.de\/wp-content\/uploads\/2020\/04\/09-1536x2048.jpg 1536w, https:\/\/gsoffenhausen.schule.neu-ulm.de\/wp-content\/uploads\/2020\/04\/09-1600x2133.jpg 1600w, https:\/\/gsoffenhausen.schule.neu-ulm.de\/wp-content\/uploads\/2020\/04\/09-scaled.jpg 1920w\" sizes=\"auto, (max-width: 768px) 100vw, 768px\" \/><\/figure><div class=\"wp-block-media-text__content\">\n<p class=\"has-normal-font-size\">Die Gallerie mit allen zum Thema &#8222;Deutsch &#8211; Schreibwerkstatt&#8220; verf\u00fcgbaren Videos erscheint. W\u00e4hlen sie nun das Video aus, das sie sehen wollen, z.B. &#8222;Wir schreiben ein Fr\u00fchlingsrondell&#8220;, so dass das Video im oben erscheint.<\/p>\n<\/div><\/div>\n\n\n\n<div class=\"wp-block-media-text alignwide is-stacked-on-mobile\" style=\"grid-template-columns:34% auto\"><figure class=\"wp-block-media-text__media\"><img loading=\"lazy\" decoding=\"async\" width=\"768\" height=\"1024\" src=\"https:\/\/gsoffenhausen.schule.neu-ulm.de\/wp-content\/uploads\/2020\/04\/10-768x1024.jpg\" alt=\"\" class=\"wp-image-1585\" srcset=\"https:\/\/gsoffenhausen.schule.neu-ulm.de\/wp-content\/uploads\/2020\/04\/10-768x1024.jpg 768w, https:\/\/gsoffenhausen.schule.neu-ulm.de\/wp-content\/uploads\/2020\/04\/10-225x300.jpg 225w, https:\/\/gsoffenhausen.schule.neu-ulm.de\/wp-content\/uploads\/2020\/04\/10-1152x1536.jpg 1152w, https:\/\/gsoffenhausen.schule.neu-ulm.de\/wp-content\/uploads\/2020\/04\/10-1536x2048.jpg 1536w, https:\/\/gsoffenhausen.schule.neu-ulm.de\/wp-content\/uploads\/2020\/04\/10-1600x2133.jpg 1600w, https:\/\/gsoffenhausen.schule.neu-ulm.de\/wp-content\/uploads\/2020\/04\/10-scaled.jpg 1920w\" sizes=\"auto, (max-width: 768px) 100vw, 768px\" \/><\/figure><div class=\"wp-block-media-text__content\">\n<p class=\"has-normal-font-size\">Dr\u00fccken Sie auf das kleine wei\u00dfe Dreieck im roten Kasten (Play), um das Video zu starten.<\/p>\n<\/div><\/div>\n\n\n\n<div class=\"wp-block-media-text alignwide is-stacked-on-mobile\" style=\"grid-template-columns:34% auto\"><figure class=\"wp-block-media-text__media\"><img loading=\"lazy\" decoding=\"async\" width=\"768\" height=\"1024\" src=\"https:\/\/gsoffenhausen.schule.neu-ulm.de\/wp-content\/uploads\/2020\/04\/11-768x1024.jpg\" alt=\"\" class=\"wp-image-1586\" srcset=\"https:\/\/gsoffenhausen.schule.neu-ulm.de\/wp-content\/uploads\/2020\/04\/11-768x1024.jpg 768w, https:\/\/gsoffenhausen.schule.neu-ulm.de\/wp-content\/uploads\/2020\/04\/11-225x300.jpg 225w, https:\/\/gsoffenhausen.schule.neu-ulm.de\/wp-content\/uploads\/2020\/04\/11-1152x1536.jpg 1152w, https:\/\/gsoffenhausen.schule.neu-ulm.de\/wp-content\/uploads\/2020\/04\/11-1536x2048.jpg 1536w, https:\/\/gsoffenhausen.schule.neu-ulm.de\/wp-content\/uploads\/2020\/04\/11-1600x2133.jpg 1600w, https:\/\/gsoffenhausen.schule.neu-ulm.de\/wp-content\/uploads\/2020\/04\/11-scaled.jpg 1920w\" sizes=\"auto, (max-width: 768px) 100vw, 768px\" \/><\/figure><div class=\"wp-block-media-text__content\">\n<p class=\"has-normal-font-size\">Um das Video gr\u00f6\u00dfer zu sehen, k\u00f6nnen sie das mobile Endger\u00e4t drehen. Das Video dreht sich mit und wird gr\u00f6\u00dfer, da es im Querformat gedreht wurde.<\/p>\n<\/div><\/div>\n","protected":false},"excerpt":{"rendered":"<p>Ein wesentlicher Pfeiler unseres Distanzunterrichts war und ist der Einsatz von Erkl\u00e4rvideos. Diese werden von den Lehrkr\u00e4ften passgenau zum Unterricht&hellip;<\/p>\n","protected":false},"author":1,"featured_media":0,"parent":0,"menu_order":0,"comment_status":"closed","ping_status":"closed","template":"","meta":{"footnotes":""},"class_list":["post-892","page","type-page","status-publish","hentry"],"_links":{"self":[{"href":"https:\/\/gsoffenhausen.schule.neu-ulm.de\/index.php?rest_route=\/wp\/v2\/pages\/892","targetHints":{"allow":["GET"]}}],"collection":[{"href":"https:\/\/gsoffenhausen.schule.neu-ulm.de\/index.php?rest_route=\/wp\/v2\/pages"}],"about":[{"href":"https:\/\/gsoffenhausen.schule.neu-ulm.de\/index.php?rest_route=\/wp\/v2\/types\/page"}],"author":[{"embeddable":true,"href":"https:\/\/gsoffenhausen.schule.neu-ulm.de\/index.php?rest_route=\/wp\/v2\/users\/1"}],"replies":[{"embeddable":true,"href":"https:\/\/gsoffenhausen.schule.neu-ulm.de\/index.php?rest_route=%2Fwp%2Fv2%2Fcomments&post=892"}],"version-history":[{"count":16,"href":"https:\/\/gsoffenhausen.schule.neu-ulm.de\/index.php?rest_route=\/wp\/v2\/pages\/892\/revisions"}],"predecessor-version":[{"id":4611,"href":"https:\/\/gsoffenhausen.schule.neu-ulm.de\/index.php?rest_route=\/wp\/v2\/pages\/892\/revisions\/4611"}],"wp:attachment":[{"href":"https:\/\/gsoffenhausen.schule.neu-ulm.de\/index.php?rest_route=%2Fwp%2Fv2%2Fmedia&parent=892"}],"curies":[{"name":"wp","href":"https:\/\/api.w.org\/{rel}","templated":true}]}}